{"id":991,"date":"2023-04-26T10:37:14","date_gmt":"2023-04-26T10:37:14","guid":{"rendered":"https:\/\/drdnvpaul.de\/?page_id=991"},"modified":"2023-04-26T18:12:38","modified_gmt":"2023-04-26T18:12:38","slug":"mesotherapie","status":"publish","type":"page","link":"https:\/\/drdnvpaul.de\/?page_id=991","title":{"rendered":"MESOTHERAPIE"},"content":{"rendered":"\n<h2 class=\"wp-block-heading\">MESOTHERAPIE \u2013 REDERMALISATION \u2013 HAUTVERJ\u00dcNGUNG<\/h2>\n\n\n\n<p>Sie m\u00f6chten glattere Haut? Sie w\u00fcnschen sich kr\u00e4ftigeres Haar oder wollen einen jugendlich-frischen Teint, und das mit m\u00f6glichst wenig Anwendungen? Dann ist die Mesotherapie mit dem Vital Injector genau die richtige Behandlung. <\/p>\n\n\n\n<p><\/p>\n\n\n\n<p><strong>Bei der Mesotherapie werden Wirkstoffe wie<\/strong>&nbsp;<strong>Hyalurons\u00e4ure, Aminos\u00e4uren und Mineralstoffe benutzt, um z. B. die Haut zu straffen und ihr zu einem sch\u00f6nen Glow zu verhelfen. Dazu werden die wertvollen Inhaltsstoffe minimalinvasiv in die mittlere Hautschicht injiziert.<\/strong><\/p>\n\n\n\n<hr class=\"wp-block-separator has-alpha-channel-opacity\"\/>\n\n\n\n<h2 class=\"wp-block-heading has-vivid-cyan-blue-color has-text-color\">Hautverj\u00fcngung mit Hilfe des Vital Injectors 2:<\/h2>\n\n\n\n<h2 class=\"wp-block-heading\">1.) Vitamin-Pr\u00e4paraten (NCTF von Fillmed)<\/h2>\n\n\n\n<h2 class=\"wp-block-heading\">2.) Bernsteins\u00e4ure (XELA REDERM von HYALUAL)<\/h2>\n\n\n\n<h2 class=\"wp-block-heading\">3.) Polynukleotide (Mastelli)<\/h2>\n\n\n\n<hr class=\"wp-block-separator has-alpha-channel-opacity\"\/>\n\n\n\n<p>Der&nbsp;Vital Injector erm\u00f6glicht Anwendungen&nbsp;im&nbsp;<strong>Gesicht, am K\u00f6rper und auf der Kopfhaut.<\/strong>&nbsp;Es k\u00f6nnen hervorragende Ergebnisse erzielt werden, wie beispielsweise:<\/p>\n\n\n\n<ul class=\"wp-block-list\">\n<li>Mesolifting: Falten werden im Gesicht, am Hals und am Dekollet\u00e9 deutlich reduziert&nbsp;<\/li>\n\n\n\n<li>Mesohair: der Haarwuchs wird verbessert, Haarausfall geht zur\u00fcck<\/li>\n\n\n\n<li>Die Durchblutung und Sauerstoffversorgung im behandelten Bereich verbessern sich&nbsp;<\/li>\n\n\n\n<li>Die Kollagenproduktion wird angeregt<\/li>\n\n\n\n<li>Die Haut wird straffer, das Bindegewebe gefestigt&nbsp;<\/li>\n\n\n\n<li>Verbesserung bei Altersflecken, Rosacea, grosse Poren<\/li>\n<\/ul>\n\n\n\n<figure class=\"wp-block-image size-large is-resized\"><img loading=\"lazy\" decoding=\"async\" src=\"https:\/\/drdnvpaul.de\/wp-content\/uploads\/2022\/05\/Bildschirmfoto-2022-05-25-um-14.25.45-1024x673.png\" alt=\"\" class=\"wp-image-845\" width=\"768\" height=\"505\" srcset=\"https:\/\/drdnvpaul.de\/wp-content\/uploads\/2022\/05\/Bildschirmfoto-2022-05-25-um-14.25.45-1024x673.png 1024w, https:\/\/drdnvpaul.de\/wp-content\/uploads\/2022\/05\/Bildschirmfoto-2022-05-25-um-14.25.45-300x197.png 300w, https:\/\/drdnvpaul.de\/wp-content\/uploads\/2022\/05\/Bildschirmfoto-2022-05-25-um-14.25.45-768x505.png 768w, https:\/\/drdnvpaul.de\/wp-content\/uploads\/2022\/05\/Bildschirmfoto-2022-05-25-um-14.25.45.png 1390w\" sizes=\"auto, (max-width: 768px) 100vw, 768px\" \/><\/figure>\n\n\n\n<p>MESOTHERAPIE MIT DEM VITAL INJECTOR<\/p>\n\n\n\n<h1 class=\"wp-block-heading\">Mesotherapie: Anti-Aging-Behandlung mit Injektionen<\/h1>\n\n\n\n<p>Mesotherapie gegen Hautalterung und auch bei Haarausfall! Es soll das Haarwachstum anregen und \u00fcberm\u00e4\u00dfigen Haarverlust verlangsamen.<\/p>\n\n\n\n<figure class=\"wp-block-embed is-type-video is-provider-youtube wp-block-embed-youtube wp-embed-aspect-16-9 wp-has-aspect-ratio\"><div class=\"wp-block-embed__wrapper\">\n<iframe loading=\"lazy\" hcb-fetch-image-from=\"https:\/\/www.youtube.com\/watch?v=wv7hpkFrR-Y&amp;t=5s\" title=\"Vital Injektor 2   Masterpiece\" width=\"710\" height=\"399\" src=\"https:\/\/www.youtube.com\/embed\/wv7hpkFrR-Y?start=5&#038;feature=oembed\" frameborder=\"0\" allow=\"accelerometer; autoplay; clipboard-write; encrypted-media; gyroscope; picture-in-picture; web-share\" allowfullscreen><\/iframe>\n<\/div><\/figure>\n\n\n\n<p>Vital Injector 2 <\/p>\n\n\n\n<h3 class=\"wp-block-heading\">Behandlung:&nbsp;So funktioniert das neuartige Lifting<\/h3>\n\n\n\n<p>Bei der Mesotherapie werden \u00fcber einen l\u00e4ngeren Zeitraum hinweg Injektionen mit hom\u00f6opathischen, pflanzlichen und niedrig dosierten, herk\u00f6mmlichen Medikamenten in die mittlere Schicht der Haut (griechisch: \u201emeso\u201c) eingebracht&nbsp;\u2013 entweder mithilfe von feinen, kurzen&nbsp;<strong>Mikronadeln<\/strong>&nbsp;oder einer speziellen&nbsp;<strong>Mesotherapie-Pistole<\/strong> (Injektionsakupunktur). Meist kommen hautstraffende Anti-Aging-Booster wie Co-Enzyme, unvernetzte Hyalurons\u00e4ure, Vitamine, Antioxidantien und Aminos\u00e4uren zum Einsatz. Die Wirkstoffmischung wird individuell zusammengestellt und h\u00e4ngt unter anderem davon ab, welche Problemzonen damit behandelt werden. Aufgrund der potenzierten Wirkung und der lokalen Anwendung werden die Stoffe nur verd\u00fcnnt und in geringen Dosierungen gespritzt.<\/p>\n\n\n\n<h3 class=\"wp-block-heading\">Mesotherapie: Wirkung der Injektionen&nbsp;<\/h3>\n\n\n\n<p>Die Wirkung der Mesotherapie basiert auf der gezielten lokalen Anwendung sowie dem stimulierenden physikalischen Effekt des Nadeleinstichs. Dabei entsteht ein Hautdepot mit den Wirkstoffen, die nach und nach abgegeben werden, was einen schnellen und gleichzeitig anhaltenden Effekt gew\u00e4hrleistet. Sind die Wirkstoffe einmal in den mittleren Hautschichten angekommen, regen sie die Regeneration und den Stoffwechsel der Zellen an, verbessern die Durchblutung, die Sauerstoffversorgung des Bindegewebes sowie die Feuchtigkeitsbindung der Haut. Au\u00dferdem wird die k\u00f6rpereigene Neubildung von Kollagen und elastischen Fasern angeregt. Nach einer Mesotherapie wirkt erschlaffte Haut deutlich straffer und glatter. Kleine F\u00e4ltchen werden unsichtbar und die Haut erh\u00e4lt eine frische und gleichzeitig nat\u00fcrliche Ausstrahlung. Zudem baut die Haut nach und nach mehr Spannkraft und Elastizit\u00e4t auf.<\/p>\n\n\n\n<h3 class=\"wp-block-heading\">Mesolift und Hyaluron<\/h3>\n\n\n\n<p>Die am h\u00e4ufigsten angewendete Behandlung innerhalb der Mesotherapie ist das Mesolift oder auch Biolifting, mit der die Haut im Gesicht, am Hals, Dekollet\u00e9 sowie an den Handr\u00fccken gestrafft und kleine F\u00e4ltchen gegl\u00e4ttet werden. Durch den Einsatz von Hyalurons\u00e4ure in Kombination mit Vitaminen, Mineralien, Antioxidantien, Aminos\u00e4uren, durchblutungsf\u00f6rdernden Wirkstoffen und Stammzellaktivatoren wird die Haut revitalisiert und neu aufgebaut. Hyaluron ist der k\u00f6rpereigenen Stoff, der f\u00fcr das Volumen und die nat\u00fcrliche Elastizit\u00e4t der Haut verantwortlich ist, indem er das Wasser in der Haut bindet und sie dadurch straffer sowie glatter macht. In der Mesotherapie wird das nat\u00fcrliche Hyaluron, das mit zunehmendem Alter immer weniger wird, durch k\u00fcnstlich hergestelltes ersetzt.<\/p>\n\n\n\n<h3 class=\"wp-block-heading\">Volles, gesundes Haar dank Mesohair&nbsp;<\/h3>\n\n\n\n<p>Mit einer Mesohair-Therapie kann auch altersbedingter Haarausfall gestoppt werden. Hierzu werden eine Mischung aus Biorevitalizern wie Dexpanthenol, Biotin, Coenzym Q10, Thymusextrakt oder spezielle Wirkstoffkomplexe direkt in die Kopfhaut injiziert. Durch die Zugabe hom\u00f6opathischer Wirkstoffe k\u00f6nnen St\u00f6rungen der Kopfhaut wie Schuppen oder Seborrh\u00f6 (\u00dcberproduktion von Hautfetten durch die Talgdr\u00fcsen) parallel mitbehandelt werden. Die injizierten Wirkstoffe stimulieren und regenerieren die Haarfollikel, regen die Blutzirkulation an und f\u00f6rdern die N\u00e4hrstoffzufuhr. Auf diese Weise wird der Haarausfall verlangsamt, die Haarqualit\u00e4t verbessert und das Haarwachstum gef\u00f6rdert. In \u00fcber 80 Prozent der F\u00e4lle verhilft Mesohair zu verringertem Haarausfall ab der dritten Behandlung und zu vollerem Haar nach zwei bis drei Monaten. Sogar gering ausgepr\u00e4gte Formen des kreisrunden Haarausfalls lassen sich mit Mesohair behandeln. (Quellennachweis: Textausz\u00fcge aus www.donna-magazin.de\/beauty\/koerperpflege\/anti-aging\/mesotherapie\/)<\/p>\n\n\n\n<figure class=\"wp-block-image size-large is-resized\"><img loading=\"lazy\" decoding=\"async\" src=\"http:\/\/drdnvpaul.de\/wp-content\/uploads\/2022\/05\/iStock-1146321090-1024x683.jpg\" alt=\"\" class=\"wp-image-839\" width=\"768\" height=\"512\" srcset=\"https:\/\/drdnvpaul.de\/wp-content\/uploads\/2022\/05\/iStock-1146321090-1024x683.jpg 1024w, https:\/\/drdnvpaul.de\/wp-content\/uploads\/2022\/05\/iStock-1146321090-300x200.jpg 300w, https:\/\/drdnvpaul.de\/wp-content\/uploads\/2022\/05\/iStock-1146321090-768x512.jpg 768w, https:\/\/drdnvpaul.de\/wp-content\/uploads\/2022\/05\/iStock-1146321090-1536x1024.jpg 1536w, https:\/\/drdnvpaul.de\/wp-content\/uploads\/2022\/05\/iStock-1146321090-2048x1365.jpg 2048w\" sizes=\"auto, (max-width: 768px) 100vw, 768px\" \/><figcaption class=\"wp-element-caption\">Die Haut wird durch die Vakuum-Funktion angesaugt und die Wirkstoffe werden \u00fcber eine Aufsatz mit 5 Mikronadeln injiziert. Dadurch lassen sich die Substanzen perfekt verteilen. <\/figcaption><\/figure>\n","protected":false},"excerpt":{"rendered":"<p>MESOTHERAPIE \u2013 REDERMALISATION \u2013 HAUTVERJ\u00dcNGUNG Sie m\u00f6chten glattere Haut? Sie w\u00fcnschen sich kr\u00e4ftigeres Haar oder wollen einen jugendlich-frischen Teint, und das mit m\u00f6glichst wenig Anwendungen? Dann ist die Mesotherapie mit dem Vital Injector genau die richtige Behandlung. Bei der Mesotherapie<\/p>\n","protected":false},"author":1,"featured_media":0,"parent":0,"menu_order":0,"comment_status":"closed","ping_status":"closed","template":"","meta":{"footnotes":""},"class_list":["post-991","page","type-page","status-publish","hentry"],"yoast_head":"<!-- This site is optimized with the Yoast SEO plugin v24.5 - https:\/\/yoast.com\/wordpress\/plugins\/seo\/ -->\n<title>MESOTHERAPIE - StayVisible!<\/title>\n<meta name=\"robots\" content=\"index, follow, max-snippet:-1, max-image-preview:large, max-video-preview:-1\" \/>\n<link rel=\"canonical\" href=\"https:\/\/drdnvpaul.de\/?page_id=991\" \/>\n<meta property=\"og:locale\" content=\"de_DE\" \/>\n<meta property=\"og:type\" content=\"article\" \/>\n<meta property=\"og:title\" content=\"MESOTHERAPIE - StayVisible!\" \/>\n<meta property=\"og:description\" content=\"MESOTHERAPIE \u2013 REDERMALISATION \u2013 HAUTVERJ\u00dcNGUNG Sie m\u00f6chten glattere Haut? Sie w\u00fcnschen sich kr\u00e4ftigeres Haar oder wollen einen jugendlich-frischen Teint, und das mit m\u00f6glichst wenig Anwendungen? Dann ist die Mesotherapie mit dem Vital Injector genau die richtige Behandlung. Bei der Mesotherapie\" \/>\n<meta property=\"og:url\" content=\"https:\/\/drdnvpaul.de\/?page_id=991\" \/>\n<meta property=\"og:site_name\" content=\"StayVisible!\" \/>\n<meta property=\"article:publisher\" content=\"https:\/\/www.facebook.com\/search\/top?q=dr.%20dietmar%20nikolai%20vincent%20paul\" \/>\n<meta property=\"article:modified_time\" content=\"2023-04-26T18:12:38+00:00\" \/>\n<meta property=\"og:image\" content=\"https:\/\/drdnvpaul.de\/wp-content\/uploads\/2022\/05\/Bildschirmfoto-2022-05-25-um-14.25.45-1024x673.png\" \/>\n<meta name=\"twitter:card\" content=\"summary_large_image\" \/>\n<meta name=\"twitter:label1\" content=\"Gesch\u00e4tzte Lesezeit\" \/>\n\t<meta name=\"twitter:data1\" content=\"5\u00a0Minuten\" \/>\n<script type=\"application\/ld+json\" class=\"yoast-schema-graph\">{\"@context\":\"https:\/\/schema.org\",\"@graph\":[{\"@type\":\"WebPage\",\"@id\":\"https:\/\/drdnvpaul.de\/?page_id=991\",\"url\":\"https:\/\/drdnvpaul.de\/?page_id=991\",\"name\":\"MESOTHERAPIE - StayVisible!\",\"isPartOf\":{\"@id\":\"https:\/\/drdnvpaul.de\/#website\"},\"primaryImageOfPage\":{\"@id\":\"https:\/\/drdnvpaul.de\/?page_id=991#primaryimage\"},\"image\":{\"@id\":\"https:\/\/drdnvpaul.de\/?page_id=991#primaryimage\"},\"thumbnailUrl\":\"https:\/\/drdnvpaul.de\/wp-content\/uploads\/2022\/05\/Bildschirmfoto-2022-05-25-um-14.25.45-1024x673.png\",\"datePublished\":\"2023-04-26T10:37:14+00:00\",\"dateModified\":\"2023-04-26T18:12:38+00:00\",\"breadcrumb\":{\"@id\":\"https:\/\/drdnvpaul.de\/?page_id=991#breadcrumb\"},\"inLanguage\":\"de\",\"potentialAction\":[{\"@type\":\"ReadAction\",\"target\":[\"https:\/\/drdnvpaul.de\/?page_id=991\"]}]},{\"@type\":\"ImageObject\",\"inLanguage\":\"de\",\"@id\":\"https:\/\/drdnvpaul.de\/?page_id=991#primaryimage\",\"url\":\"https:\/\/drdnvpaul.de\/wp-content\/uploads\/2022\/05\/Bildschirmfoto-2022-05-25-um-14.25.45-1024x673.png\",\"contentUrl\":\"https:\/\/drdnvpaul.de\/wp-content\/uploads\/2022\/05\/Bildschirmfoto-2022-05-25-um-14.25.45-1024x673.png\"},{\"@type\":\"BreadcrumbList\",\"@id\":\"https:\/\/drdnvpaul.de\/?page_id=991#breadcrumb\",\"itemListElement\":[{\"@type\":\"ListItem\",\"position\":1,\"name\":\"Startseite\",\"item\":\"https:\/\/drdnvpaul.de\/\"},{\"@type\":\"ListItem\",\"position\":2,\"name\":\"MESOTHERAPIE\"}]},{\"@type\":\"WebSite\",\"@id\":\"https:\/\/drdnvpaul.de\/#website\",\"url\":\"https:\/\/drdnvpaul.de\/\",\"name\":\"StayVisible!\",\"description\":\"Anti Aging \u2013 Faltenbehandlung \u2013 Gesichts\u00e4sthetik\",\"publisher\":{\"@id\":\"https:\/\/drdnvpaul.de\/#organization\"},\"potentialAction\":[{\"@type\":\"SearchAction\",\"target\":{\"@type\":\"EntryPoint\",\"urlTemplate\":\"https:\/\/drdnvpaul.de\/?s={search_term_string}\"},\"query-input\":{\"@type\":\"PropertyValueSpecification\",\"valueRequired\":true,\"valueName\":\"search_term_string\"}}],\"inLanguage\":\"de\"},{\"@type\":\"Organization\",\"@id\":\"https:\/\/drdnvpaul.de\/#organization\",\"name\":\"STAY VISIBLE! Privatpraxis f\u00fcr \u00c4sthetische und Anti-Aging Medizin Dr. med. DNV Paul\",\"url\":\"https:\/\/drdnvpaul.de\/\",\"logo\":{\"@type\":\"ImageObject\",\"inLanguage\":\"de\",\"@id\":\"https:\/\/drdnvpaul.de\/#\/schema\/logo\/image\/\",\"url\":\"https:\/\/drdnvpaul.de\/wp-content\/uploads\/2020\/11\/Logo_Ausgangsdatei_StayVisible.png\",\"contentUrl\":\"https:\/\/drdnvpaul.de\/wp-content\/uploads\/2020\/11\/Logo_Ausgangsdatei_StayVisible.png\",\"width\":317,\"height\":317,\"caption\":\"STAY VISIBLE! Privatpraxis f\u00fcr \u00c4sthetische und Anti-Aging Medizin Dr. med. DNV Paul\"},\"image\":{\"@id\":\"https:\/\/drdnvpaul.de\/#\/schema\/logo\/image\/\"},\"sameAs\":[\"https:\/\/www.facebook.com\/search\/top?q=dr. dietmar nikolai vincent paul\",\"https:\/\/www.instagram.com\/stayvisible_dr.paul\/\"]}]}<\/script>\n<!-- \/ Yoast SEO plugin. -->","yoast_head_json":{"title":"MESOTHERAPIE - StayVisible!","robots":{"index":"index","follow":"follow","max-snippet":"max-snippet:-1","max-image-preview":"max-image-preview:large","max-video-preview":"max-video-preview:-1"},"canonical":"https:\/\/drdnvpaul.de\/?page_id=991","og_locale":"de_DE","og_type":"article","og_title":"MESOTHERAPIE - StayVisible!","og_description":"MESOTHERAPIE \u2013 REDERMALISATION \u2013 HAUTVERJ\u00dcNGUNG Sie m\u00f6chten glattere Haut? Sie w\u00fcnschen sich kr\u00e4ftigeres Haar oder wollen einen jugendlich-frischen Teint, und das mit m\u00f6glichst wenig Anwendungen? Dann ist die Mesotherapie mit dem Vital Injector genau die richtige Behandlung. Bei der Mesotherapie","og_url":"https:\/\/drdnvpaul.de\/?page_id=991","og_site_name":"StayVisible!","article_publisher":"https:\/\/www.facebook.com\/search\/top?q=dr.%20dietmar%20nikolai%20vincent%20paul","article_modified_time":"2023-04-26T18:12:38+00:00","og_image":[{"url":"https:\/\/drdnvpaul.de\/wp-content\/uploads\/2022\/05\/Bildschirmfoto-2022-05-25-um-14.25.45-1024x673.png","type":"","width":"","height":""}],"twitter_card":"summary_large_image","twitter_misc":{"Gesch\u00e4tzte Lesezeit":"5\u00a0Minuten"},"schema":{"@context":"https:\/\/schema.org","@graph":[{"@type":"WebPage","@id":"https:\/\/drdnvpaul.de\/?page_id=991","url":"https:\/\/drdnvpaul.de\/?page_id=991","name":"MESOTHERAPIE - StayVisible!","isPartOf":{"@id":"https:\/\/drdnvpaul.de\/#website"},"primaryImageOfPage":{"@id":"https:\/\/drdnvpaul.de\/?page_id=991#primaryimage"},"image":{"@id":"https:\/\/drdnvpaul.de\/?page_id=991#primaryimage"},"thumbnailUrl":"https:\/\/drdnvpaul.de\/wp-content\/uploads\/2022\/05\/Bildschirmfoto-2022-05-25-um-14.25.45-1024x673.png","datePublished":"2023-04-26T10:37:14+00:00","dateModified":"2023-04-26T18:12:38+00:00","breadcrumb":{"@id":"https:\/\/drdnvpaul.de\/?page_id=991#breadcrumb"},"inLanguage":"de","potentialAction":[{"@type":"ReadAction","target":["https:\/\/drdnvpaul.de\/?page_id=991"]}]},{"@type":"ImageObject","inLanguage":"de","@id":"https:\/\/drdnvpaul.de\/?page_id=991#primaryimage","url":"https:\/\/drdnvpaul.de\/wp-content\/uploads\/2022\/05\/Bildschirmfoto-2022-05-25-um-14.25.45-1024x673.png","contentUrl":"https:\/\/drdnvpaul.de\/wp-content\/uploads\/2022\/05\/Bildschirmfoto-2022-05-25-um-14.25.45-1024x673.png"},{"@type":"BreadcrumbList","@id":"https:\/\/drdnvpaul.de\/?page_id=991#breadcrumb","itemListElement":[{"@type":"ListItem","position":1,"name":"Startseite","item":"https:\/\/drdnvpaul.de\/"},{"@type":"ListItem","position":2,"name":"MESOTHERAPIE"}]},{"@type":"WebSite","@id":"https:\/\/drdnvpaul.de\/#website","url":"https:\/\/drdnvpaul.de\/","name":"StayVisible!","description":"Anti Aging \u2013 Faltenbehandlung \u2013 Gesichts\u00e4sthetik","publisher":{"@id":"https:\/\/drdnvpaul.de\/#organization"},"potentialAction":[{"@type":"SearchAction","target":{"@type":"EntryPoint","urlTemplate":"https:\/\/drdnvpaul.de\/?s={search_term_string}"},"query-input":{"@type":"PropertyValueSpecification","valueRequired":true,"valueName":"search_term_string"}}],"inLanguage":"de"},{"@type":"Organization","@id":"https:\/\/drdnvpaul.de\/#organization","name":"STAY VISIBLE! Privatpraxis f\u00fcr \u00c4sthetische und Anti-Aging Medizin Dr. med. DNV Paul","url":"https:\/\/drdnvpaul.de\/","logo":{"@type":"ImageObject","inLanguage":"de","@id":"https:\/\/drdnvpaul.de\/#\/schema\/logo\/image\/","url":"https:\/\/drdnvpaul.de\/wp-content\/uploads\/2020\/11\/Logo_Ausgangsdatei_StayVisible.png","contentUrl":"https:\/\/drdnvpaul.de\/wp-content\/uploads\/2020\/11\/Logo_Ausgangsdatei_StayVisible.png","width":317,"height":317,"caption":"STAY VISIBLE! Privatpraxis f\u00fcr \u00c4sthetische und Anti-Aging Medizin Dr. med. DNV Paul"},"image":{"@id":"https:\/\/drdnvpaul.de\/#\/schema\/logo\/image\/"},"sameAs":["https:\/\/www.facebook.com\/search\/top?q=dr. dietmar nikolai vincent paul","https:\/\/www.instagram.com\/stayvisible_dr.paul\/"]}]}},"_links":{"self":[{"href":"https:\/\/drdnvpaul.de\/index.php?rest_route=\/wp\/v2\/pages\/991","targetHints":{"allow":["GET"]}}],"collection":[{"href":"https:\/\/drdnvpaul.de\/index.php?rest_route=\/wp\/v2\/pages"}],"about":[{"href":"https:\/\/drdnvpaul.de\/index.php?rest_route=\/wp\/v2\/types\/page"}],"author":[{"embeddable":true,"href":"https:\/\/drdnvpaul.de\/index.php?rest_route=\/wp\/v2\/users\/1"}],"replies":[{"embeddable":true,"href":"https:\/\/drdnvpaul.de\/index.php?rest_route=%2Fwp%2Fv2%2Fcomments&post=991"}],"version-history":[{"count":13,"href":"https:\/\/drdnvpaul.de\/index.php?rest_route=\/wp\/v2\/pages\/991\/revisions"}],"predecessor-version":[{"id":1019,"href":"https:\/\/drdnvpaul.de\/index.php?rest_route=\/wp\/v2\/pages\/991\/revisions\/1019"}],"wp:attachment":[{"href":"https:\/\/drdnvpaul.de\/index.php?rest_route=%2Fwp%2Fv2%2Fmedia&parent=991"}],"curies":[{"name":"wp","href":"https:\/\/api.w.org\/{rel}","templated":true}]}}