{"id":68,"date":"2018-12-30T18:55:20","date_gmt":"2018-12-30T18:55:20","guid":{"rendered":"http:\/\/drdnvpaul.de\/?page_id=68"},"modified":"2020-11-11T00:09:22","modified_gmt":"2020-11-11T00:09:22","slug":"patienteninformationen","status":"publish","type":"page","link":"https:\/\/drdnvpaul.de\/?page_id=68","title":{"rendered":"Informationen"},"content":{"rendered":"\n<h4 class=\"wp-block-heading\"><strong>Unser Gesicht altert..<\/strong><\/h4>\n\n\n\n<p>Immer wenn man lacht, die Stirn runzelt etc. ziehen sich die Gesichtsmuskel zusammen. Dies verursacht F\u00e4ltchen und je \u00e4lter man wird Falten. Die Haut verliert an ihrer Spannkraft und mit der Zeit entstehen tiefere Falten, die einen z. B. sorgenvoll aussehen lassen (Zornesfalte), selbst wenn man das gar nicht ist. <\/p>\n\n\n\n<div style=\"height:23px\" aria-hidden=\"true\" class=\"wp-block-spacer\"><\/div>\n\n\n\n<h4 class=\"wp-block-heading\"><strong>Welche Behandlungsarten von Gesichtsfalten sind m\u00f6glich?<\/strong><\/h4>\n\n\n\n<p>Ausgepr\u00e4gte Gesichtsfalten k\u00f6nnen mit Fillern anhand von Injektion mit F\u00fcllmaterial wie Hyaluron oder mit Injektion von Medikamenten wie Botulinumtoxin A korrigiert werden.<\/p>\n\n\n\n<div style=\"height:23px\" aria-hidden=\"true\" class=\"wp-block-spacer\"><\/div>\n\n\n\n<h4 class=\"wp-block-heading\"><strong>Was genau ist Botulinumtoxin und wie wirkt es?<\/strong><\/h4>\n\n\n\n<p>Botox\u00ae ist ein Bakterienprotein, das die Nervenzellen der Gesichtsmuskulatur blockiert; die Signal\u00fcbertragung vom Nerv auf den Muskel wird also tempor\u00e4r gehemmt. Eine Blockade der Nerven bedeutet konkret, dass die mimischen Muskeln vor\u00fcbergehend gel\u00e4hmt bzw. k\u00fcnstlich entspannt werden. Die mit Botox\u00ae behandelten Muskeln k\u00f6nnen also nicht mehr aktiviert werden, so dass die dar\u00fcber liegende Haut dauerhaft glatt bleibt.<\/p>\n\n\n\n<div style=\"height:23px\" aria-hidden=\"true\" class=\"wp-block-spacer\"><\/div>\n\n\n\n<h4 class=\"wp-block-heading\"><strong>Was f\u00fcr eine\nWirkung hat Botox noch?<\/strong><\/h4>\n\n\n\n<p>F\u00fcr Patienten mit Migr\u00e4ne hat der Wirkstoff sogar eine positive Nebenwirkung, denn Botox\u00ae kann nachweislich Kopfschmerzen lindern.<\/p>\n\n\n\n<div style=\"height:23px\" aria-hidden=\"true\" class=\"wp-block-spacer\"><\/div>\n\n\n\n<h4 class=\"wp-block-heading\"><strong>Wie lange h\u00e4lt die Behandlung von Botulinumtoxin an?<\/strong><\/h4>\n\n\n\n<p>Eine Botoxbehandlung muss etwa alle 6 bis 9 Monate\nwiederholt werden.<\/p>\n\n\n\n<div style=\"height:23px\" aria-hidden=\"true\" class=\"wp-block-spacer\"><\/div>\n\n\n\n<h4 class=\"wp-block-heading\"><strong>Welches sind die Risiken und Nebenwirkungen von Botulinumtoxin?<\/strong><\/h4>\n\n\n\n<p>Nebenwirkungen, die nach der Behandlung mit Botulinumtoxin A in diesem Anwendungsgebiet beobachtet wurden, \u00e4u\u00dfern sich haupts\u00e4chlich in Reaktionen an der Einstichstelle wie Schmerzen, Beschwerden, Stechen und Bluterguss. Es ist auch m\u00f6glich, dass man Kopfschmerzen bekommt. <\/p>\n\n\n\n<div style=\"height:23px\" aria-hidden=\"true\" class=\"wp-block-spacer\"><\/div>\n\n\n\n<h4 class=\"wp-block-heading\"><strong>Was ist Hyalurons\u00e4ure?<\/strong> <\/h4>\n\n\n\n<p>Hyalurons\u00e4ure ist eine nat\u00fcrliche Komponente des K\u00f6rpers, die im menschlichen Bindegewebe lokalisiert ist. Die Substanz ist vorrangig f\u00fcr die Elastizit\u00e4t und Feuchtigkeitsbindung der Haut zust\u00e4ndig.<\/p>\n\n\n\n<p>Hyaluron wird heutzutage durch bakterielle Fermentation biotechnologisch hergestellt. Herangez\u00fcchtete Bakterien stellen die Hyalurons\u00e4ure her. Da es sich um ein kostenaufw\u00e4ndiges Verfahren handelt, rechtfertigt es die Preise der Behandlung.<\/p>\n\n\n\n<div style=\"height:23px\" aria-hidden=\"true\" class=\"wp-block-spacer\"><\/div>\n\n\n\n<h4 class=\"wp-block-heading\"><strong>Was ist nach der Behandlung mit Hyaluron zu beachten?<\/strong><\/h4>\n\n\n\n<p>Hyalurons\u00e4ure wirkt sich auf den menschlichen Organismus aus. Aus diesem und anderen Gr\u00fcnden empfiehlt es sich, nach einer Behandlung mit Hyaluron auf sportliche Aktivit\u00e4ten f\u00fcr einige Tage zu verzichten. <\/p>\n\n\n\n<p>Auch sollte man auf einen Saunabesuch in den den ersten Tagen nach der Behandlung verzichten.<\/p>\n\n\n\n<div style=\"height:23px\" aria-hidden=\"true\" class=\"wp-block-spacer\"><\/div>\n\n\n\n<h4 class=\"wp-block-heading\"><strong>Wann setzt man\nBotox und wann lieber Hyaluron gegen Falten ein?<\/strong><\/h4>\n\n\n\n<p>Welche Behandlungsmethode angezeigt ist, h\u00e4ngt von vielen individuellen Gegebenheiten ab, z.B. wie tief die Falten sind, wie alt die Patientin ist, welches Resultat sie sich w\u00fcnscht und welche Gesichtspartie behandelt werden soll.<\/p>\n","protected":false},"excerpt":{"rendered":"<p>Unser Gesicht altert.. Immer wenn man lacht, die Stirn runzelt etc. ziehen sich die Gesichtsmuskel zusammen. Dies verursacht F\u00e4ltchen und je \u00e4lter man wird Falten. Die Haut verliert an ihrer Spannkraft und mit der Zeit entstehen tiefere Falten, die einen<\/p>\n","protected":false},"author":1,"featured_media":21,"parent":0,"menu_order":0,"comment_status":"closed","ping_status":"closed","template":"","meta":{"footnotes":""},"class_list":["post-68","page","type-page","status-publish","has-post-thumbnail","hentry"],"yoast_head":"<!-- This site is optimized with the Yoast SEO plugin v24.5 - https:\/\/yoast.com\/wordpress\/plugins\/seo\/ -->\n<title>Informationen - StayVisible!<\/title>\n<meta name=\"description\" content=\"Informationen zu Botox und Hyaluron. Welche Behandlungsarten von Gesichtsfalten sind m\u00f6glich? Was genau ist Botulinumtoxin und wie wirkt es?\" \/>\n<meta name=\"robots\" content=\"index, follow, max-snippet:-1, max-image-preview:large, max-video-preview:-1\" \/>\n<link rel=\"canonical\" href=\"https:\/\/drdnvpaul.de\/?page_id=68\" \/>\n<meta property=\"og:locale\" content=\"de_DE\" \/>\n<meta property=\"og:type\" content=\"article\" \/>\n<meta property=\"og:title\" content=\"Informationen - StayVisible!\" \/>\n<meta property=\"og:description\" content=\"Informationen zu Botox und Hyaluron. Welche Behandlungsarten von Gesichtsfalten sind m\u00f6glich? Was genau ist Botulinumtoxin und wie wirkt es?\" \/>\n<meta property=\"og:url\" content=\"https:\/\/drdnvpaul.de\/?page_id=68\" \/>\n<meta property=\"og:site_name\" content=\"StayVisible!\" \/>\n<meta property=\"article:publisher\" content=\"https:\/\/www.facebook.com\/search\/top?q=dr.%20dietmar%20nikolai%20vincent%20paul\" \/>\n<meta property=\"article:modified_time\" content=\"2020-11-11T00:09:22+00:00\" \/>\n<meta property=\"og:image\" content=\"https:\/\/drdnvpaul.de\/wp-content\/uploads\/2018\/12\/AdobeStock_79537793_Preview.jpeg\" \/>\n\t<meta property=\"og:image:width\" content=\"1000\" \/>\n\t<meta property=\"og:image:height\" content=\"925\" \/>\n\t<meta property=\"og:image:type\" content=\"image\/jpeg\" \/>\n<meta name=\"twitter:card\" content=\"summary_large_image\" \/>\n<meta name=\"twitter:label1\" content=\"Gesch\u00e4tzte Lesezeit\" \/>\n\t<meta name=\"twitter:data1\" content=\"2\u00a0Minuten\" \/>\n<script type=\"application\/ld+json\" class=\"yoast-schema-graph\">{\"@context\":\"https:\/\/schema.org\",\"@graph\":[{\"@type\":\"WebPage\",\"@id\":\"https:\/\/drdnvpaul.de\/?page_id=68\",\"url\":\"https:\/\/drdnvpaul.de\/?page_id=68\",\"name\":\"Informationen - StayVisible!\",\"isPartOf\":{\"@id\":\"https:\/\/drdnvpaul.de\/#website\"},\"primaryImageOfPage\":{\"@id\":\"https:\/\/drdnvpaul.de\/?page_id=68#primaryimage\"},\"image\":{\"@id\":\"https:\/\/drdnvpaul.de\/?page_id=68#primaryimage\"},\"thumbnailUrl\":\"https:\/\/drdnvpaul.de\/wp-content\/uploads\/2018\/12\/AdobeStock_79537793_Preview.jpeg\",\"datePublished\":\"2018-12-30T18:55:20+00:00\",\"dateModified\":\"2020-11-11T00:09:22+00:00\",\"description\":\"Informationen zu Botox und Hyaluron. Welche Behandlungsarten von Gesichtsfalten sind m\u00f6glich? Was genau ist Botulinumtoxin und wie wirkt es?\",\"breadcrumb\":{\"@id\":\"https:\/\/drdnvpaul.de\/?page_id=68#breadcrumb\"},\"inLanguage\":\"de\",\"potentialAction\":[{\"@type\":\"ReadAction\",\"target\":[\"https:\/\/drdnvpaul.de\/?page_id=68\"]}]},{\"@type\":\"ImageObject\",\"inLanguage\":\"de\",\"@id\":\"https:\/\/drdnvpaul.de\/?page_id=68#primaryimage\",\"url\":\"https:\/\/drdnvpaul.de\/wp-content\/uploads\/2018\/12\/AdobeStock_79537793_Preview.jpeg\",\"contentUrl\":\"https:\/\/drdnvpaul.de\/wp-content\/uploads\/2018\/12\/AdobeStock_79537793_Preview.jpeg\",\"width\":1000,\"height\":925},{\"@type\":\"BreadcrumbList\",\"@id\":\"https:\/\/drdnvpaul.de\/?page_id=68#breadcrumb\",\"itemListElement\":[{\"@type\":\"ListItem\",\"position\":1,\"name\":\"Startseite\",\"item\":\"https:\/\/drdnvpaul.de\/\"},{\"@type\":\"ListItem\",\"position\":2,\"name\":\"Informationen\"}]},{\"@type\":\"WebSite\",\"@id\":\"https:\/\/drdnvpaul.de\/#website\",\"url\":\"https:\/\/drdnvpaul.de\/\",\"name\":\"StayVisible!\",\"description\":\"Anti Aging \u2013 Faltenbehandlung \u2013 Gesichts\u00e4sthetik\",\"publisher\":{\"@id\":\"https:\/\/drdnvpaul.de\/#organization\"},\"potentialAction\":[{\"@type\":\"SearchAction\",\"target\":{\"@type\":\"EntryPoint\",\"urlTemplate\":\"https:\/\/drdnvpaul.de\/?s={search_term_string}\"},\"query-input\":{\"@type\":\"PropertyValueSpecification\",\"valueRequired\":true,\"valueName\":\"search_term_string\"}}],\"inLanguage\":\"de\"},{\"@type\":\"Organization\",\"@id\":\"https:\/\/drdnvpaul.de\/#organization\",\"name\":\"STAY VISIBLE! Privatpraxis f\u00fcr \u00c4sthetische und Anti-Aging Medizin Dr. med. DNV Paul\",\"url\":\"https:\/\/drdnvpaul.de\/\",\"logo\":{\"@type\":\"ImageObject\",\"inLanguage\":\"de\",\"@id\":\"https:\/\/drdnvpaul.de\/#\/schema\/logo\/image\/\",\"url\":\"https:\/\/drdnvpaul.de\/wp-content\/uploads\/2020\/11\/Logo_Ausgangsdatei_StayVisible.png\",\"contentUrl\":\"https:\/\/drdnvpaul.de\/wp-content\/uploads\/2020\/11\/Logo_Ausgangsdatei_StayVisible.png\",\"width\":317,\"height\":317,\"caption\":\"STAY VISIBLE! Privatpraxis f\u00fcr \u00c4sthetische und Anti-Aging Medizin Dr. med. DNV Paul\"},\"image\":{\"@id\":\"https:\/\/drdnvpaul.de\/#\/schema\/logo\/image\/\"},\"sameAs\":[\"https:\/\/www.facebook.com\/search\/top?q=dr. dietmar nikolai vincent paul\",\"https:\/\/www.instagram.com\/stayvisible_dr.paul\/\"]}]}<\/script>\n<!-- \/ Yoast SEO plugin. -->","yoast_head_json":{"title":"Informationen - StayVisible!","description":"Informationen zu Botox und Hyaluron. Welche Behandlungsarten von Gesichtsfalten sind m\u00f6glich? Was genau ist Botulinumtoxin und wie wirkt es?","robots":{"index":"index","follow":"follow","max-snippet":"max-snippet:-1","max-image-preview":"max-image-preview:large","max-video-preview":"max-video-preview:-1"},"canonical":"https:\/\/drdnvpaul.de\/?page_id=68","og_locale":"de_DE","og_type":"article","og_title":"Informationen - StayVisible!","og_description":"Informationen zu Botox und Hyaluron. Welche Behandlungsarten von Gesichtsfalten sind m\u00f6glich? Was genau ist Botulinumtoxin und wie wirkt es?","og_url":"https:\/\/drdnvpaul.de\/?page_id=68","og_site_name":"StayVisible!","article_publisher":"https:\/\/www.facebook.com\/search\/top?q=dr.%20dietmar%20nikolai%20vincent%20paul","article_modified_time":"2020-11-11T00:09:22+00:00","og_image":[{"width":1000,"height":925,"url":"https:\/\/drdnvpaul.de\/wp-content\/uploads\/2018\/12\/AdobeStock_79537793_Preview.jpeg","type":"image\/jpeg"}],"twitter_card":"summary_large_image","twitter_misc":{"Gesch\u00e4tzte Lesezeit":"2\u00a0Minuten"},"schema":{"@context":"https:\/\/schema.org","@graph":[{"@type":"WebPage","@id":"https:\/\/drdnvpaul.de\/?page_id=68","url":"https:\/\/drdnvpaul.de\/?page_id=68","name":"Informationen - StayVisible!","isPartOf":{"@id":"https:\/\/drdnvpaul.de\/#website"},"primaryImageOfPage":{"@id":"https:\/\/drdnvpaul.de\/?page_id=68#primaryimage"},"image":{"@id":"https:\/\/drdnvpaul.de\/?page_id=68#primaryimage"},"thumbnailUrl":"https:\/\/drdnvpaul.de\/wp-content\/uploads\/2018\/12\/AdobeStock_79537793_Preview.jpeg","datePublished":"2018-12-30T18:55:20+00:00","dateModified":"2020-11-11T00:09:22+00:00","description":"Informationen zu Botox und Hyaluron. Welche Behandlungsarten von Gesichtsfalten sind m\u00f6glich? Was genau ist Botulinumtoxin und wie wirkt es?","breadcrumb":{"@id":"https:\/\/drdnvpaul.de\/?page_id=68#breadcrumb"},"inLanguage":"de","potentialAction":[{"@type":"ReadAction","target":["https:\/\/drdnvpaul.de\/?page_id=68"]}]},{"@type":"ImageObject","inLanguage":"de","@id":"https:\/\/drdnvpaul.de\/?page_id=68#primaryimage","url":"https:\/\/drdnvpaul.de\/wp-content\/uploads\/2018\/12\/AdobeStock_79537793_Preview.jpeg","contentUrl":"https:\/\/drdnvpaul.de\/wp-content\/uploads\/2018\/12\/AdobeStock_79537793_Preview.jpeg","width":1000,"height":925},{"@type":"BreadcrumbList","@id":"https:\/\/drdnvpaul.de\/?page_id=68#breadcrumb","itemListElement":[{"@type":"ListItem","position":1,"name":"Startseite","item":"https:\/\/drdnvpaul.de\/"},{"@type":"ListItem","position":2,"name":"Informationen"}]},{"@type":"WebSite","@id":"https:\/\/drdnvpaul.de\/#website","url":"https:\/\/drdnvpaul.de\/","name":"StayVisible!","description":"Anti Aging \u2013 Faltenbehandlung \u2013 Gesichts\u00e4sthetik","publisher":{"@id":"https:\/\/drdnvpaul.de\/#organization"},"potentialAction":[{"@type":"SearchAction","target":{"@type":"EntryPoint","urlTemplate":"https:\/\/drdnvpaul.de\/?s={search_term_string}"},"query-input":{"@type":"PropertyValueSpecification","valueRequired":true,"valueName":"search_term_string"}}],"inLanguage":"de"},{"@type":"Organization","@id":"https:\/\/drdnvpaul.de\/#organization","name":"STAY VISIBLE! Privatpraxis f\u00fcr \u00c4sthetische und Anti-Aging Medizin Dr. med. DNV Paul","url":"https:\/\/drdnvpaul.de\/","logo":{"@type":"ImageObject","inLanguage":"de","@id":"https:\/\/drdnvpaul.de\/#\/schema\/logo\/image\/","url":"https:\/\/drdnvpaul.de\/wp-content\/uploads\/2020\/11\/Logo_Ausgangsdatei_StayVisible.png","contentUrl":"https:\/\/drdnvpaul.de\/wp-content\/uploads\/2020\/11\/Logo_Ausgangsdatei_StayVisible.png","width":317,"height":317,"caption":"STAY VISIBLE! Privatpraxis f\u00fcr \u00c4sthetische und Anti-Aging Medizin Dr. med. DNV Paul"},"image":{"@id":"https:\/\/drdnvpaul.de\/#\/schema\/logo\/image\/"},"sameAs":["https:\/\/www.facebook.com\/search\/top?q=dr. dietmar nikolai vincent paul","https:\/\/www.instagram.com\/stayvisible_dr.paul\/"]}]}},"_links":{"self":[{"href":"https:\/\/drdnvpaul.de\/index.php?rest_route=\/wp\/v2\/pages\/68","targetHints":{"allow":["GET"]}}],"collection":[{"href":"https:\/\/drdnvpaul.de\/index.php?rest_route=\/wp\/v2\/pages"}],"about":[{"href":"https:\/\/drdnvpaul.de\/index.php?rest_route=\/wp\/v2\/types\/page"}],"author":[{"embeddable":true,"href":"https:\/\/drdnvpaul.de\/index.php?rest_route=\/wp\/v2\/users\/1"}],"replies":[{"embeddable":true,"href":"https:\/\/drdnvpaul.de\/index.php?rest_route=%2Fwp%2Fv2%2Fcomments&post=68"}],"version-history":[{"count":21,"href":"https:\/\/drdnvpaul.de\/index.php?rest_route=\/wp\/v2\/pages\/68\/revisions"}],"predecessor-version":[{"id":778,"href":"https:\/\/drdnvpaul.de\/index.php?rest_route=\/wp\/v2\/pages\/68\/revisions\/778"}],"wp:featuredmedia":[{"embeddable":true,"href":"https:\/\/drdnvpaul.de\/index.php?rest_route=\/wp\/v2\/media\/21"}],"wp:attachment":[{"href":"https:\/\/drdnvpaul.de\/index.php?rest_route=%2Fwp%2Fv2%2Fmedia&parent=68"}],"curies":[{"name":"wp","href":"https:\/\/api.w.org\/{rel}","templated":true}]}}