{"id":675,"date":"2020-11-10T21:05:47","date_gmt":"2020-11-10T21:05:47","guid":{"rendered":"http:\/\/drdnvpaul.de\/?page_id=675"},"modified":"2023-07-30T16:12:18","modified_gmt":"2023-07-30T16:12:18","slug":"stk-multiline-ultraschall-lifting","status":"publish","type":"page","link":"https:\/\/drdnvpaul.de\/?page_id=675","title":{"rendered":"ULTRASCHALL-LIFTING"},"content":{"rendered":"\n<h2 class=\"wp-block-heading\">STK MULTILINE <\/h2>\n\n\n\n<h2 class=\"wp-block-heading has-pale-pink-color has-text-color\">NEU! DAS ULTRASCHALL-LIFTING OHNE OP UND AUSFALLZEIT<\/h2>\n\n\n\n<!--more-->\n\n\n\n<figure class=\"wp-block-image size-large\"><img loading=\"lazy\" decoding=\"async\" width=\"819\" height=\"1024\" src=\"https:\/\/drdnvpaul.de\/wp-content\/uploads\/2021\/01\/1080x1350_StayVisibleUltraschall-819x1024.jpg\" alt=\"\" class=\"wp-image-805\" srcset=\"https:\/\/drdnvpaul.de\/wp-content\/uploads\/2021\/01\/1080x1350_StayVisibleUltraschall-819x1024.jpg 819w, https:\/\/drdnvpaul.de\/wp-content\/uploads\/2021\/01\/1080x1350_StayVisibleUltraschall-240x300.jpg 240w, https:\/\/drdnvpaul.de\/wp-content\/uploads\/2021\/01\/1080x1350_StayVisibleUltraschall-768x960.jpg 768w, https:\/\/drdnvpaul.de\/wp-content\/uploads\/2021\/01\/1080x1350_StayVisibleUltraschall.jpg 1080w\" sizes=\"auto, (max-width: 819px) 100vw, 819px\" \/><\/figure>\n\n\n\n<p>Das K\u00fcrzel STK steht f\u00fcr &#8222;selektive Thermo-Kollagensynthese&#8220; und erm\u00f6glicht ein alternatives Facelifting ohne Skalpell &amp; Spritzen.<\/p>\n\n\n\n<div style=\"height:20px\" aria-hidden=\"true\" class=\"wp-block-spacer\"><\/div>\n\n\n\n<p><\/p>\n\n\n\n<h2 class=\"wp-block-heading\">Wie funktioniert die STK-MULTILINE Ultraschall Behandlung?<\/h2>\n\n\n\n<p>Zu Beginn wird eine STK-Multiline Behandlung am betroffenen Areal durchgef\u00fchrt. Die STK-Technologie ist eine hochwirksame, nicht-invasive Methode f\u00fcr das Gesicht und bestimmte Bereiche des K\u00f6rpers. Hier wird im Gegensatz zu anderen Lifting-Methoden das Gewebe nicht operativ \u201egezogen&#8220;, sondern durch gezielte W\u00e4rmeimpulse die k\u00f6rpereigene Kollagensynthese angeregt. Die STK-Methode stellt eine wirkungsvolle und nahezu schmerzfreie Alternative zum operativen Eingriff dar. Dar\u00fcberhinaus entstehen nach der Behandlung keine Ausfallzeiten \u2013 der Kunde kann im Anschluss seinem Alltag nachgehen.<\/p>\n\n\n\n<p>Die STK-Behandlung nutzt die k\u00f6rpereigenen Reparatur-Mechanismen, indem sie im ersten Schritt durch hochfrequenten Ultraschall zun\u00e4chst gezielt Irritationen in verschiedenen Hautschichten erzeugt. In der Folge, zieht sich das Gewebe zusammen und wird an der Hautober\ufb02\u00e4che als Straffung wahrgenommen. Je nach Areal kann mit der STK-Technologie zwischen 1,5 &#8211; 3,0 und 4,5 mm Behandlungstiefe bearbeitet werden, was zusammen mit bis zu 11 Linien in der Breite (Multiline) zu fabelhaften Ergebnissen f\u00fchrt.<\/p>\n\n\n\n<p>Das sogenannte \u201evertikale St\u00fctzgewebe\u201c und die nachhaltige Anregung der nat\u00fcrlichen Kollagenbildung kann nach rund drei bis sechs Monaten vollst\u00e4ndig als Anhebung und Straffung der Haut wahrgenommen werden.&nbsp;Direkt nach der Behandlung k\u00f6nnen auch schon erste Ergebnisse zu sehen sein.<\/p>\n\n\n\n<div style=\"height:20px\" aria-hidden=\"true\" class=\"wp-block-spacer\"><\/div>\n\n\n\n<figure class=\"wp-block-image size-large is-resized\"><img loading=\"lazy\" decoding=\"async\" src=\"https:\/\/drdnvpaul.de\/wp-content\/uploads\/2020\/11\/stk3_.jpg\" alt=\"\" class=\"wp-image-736\" width=\"392\" height=\"550\" srcset=\"https:\/\/drdnvpaul.de\/wp-content\/uploads\/2020\/11\/stk3_.jpg 522w, https:\/\/drdnvpaul.de\/wp-content\/uploads\/2020\/11\/stk3_-214x300.jpg 214w\" sizes=\"auto, (max-width: 392px) 100vw, 392px\" \/><\/figure>\n\n\n\n<p><\/p>\n\n\n\n<h2 class=\"wp-block-heading\">Die wichtigsten Informationen im \u00dcberblick<\/h2>\n\n\n\n<ul class=\"wp-block-list\">\n<li>Effektive Strahlung ohne OP und Ausfallzeit. GESICHT: Obere und untere Gesichtsh\u00e4lfte, Hals, Dekolletee, Augenbrauen und Falten\/F\u00e4ltchen. K\u00d6RPER: Bauch, Oberschenkel, Knie, Ges\u00e4\u00df, Arme.<\/li>\n\n\n\n<li>Sehr gut vertr\u00e4glich! Lediglich mit einer R\u00f6tung der Haut direkt nach der Behandlung muss gerechnet werden. Leichte Schwellungen und kleine H\u00e4matome sind m\u00f6glich. <\/li>\n\n\n\n<li>Eine sukzessive und somit sehr nat\u00fcrliche Strahlung durch k\u00f6rpereigene Regenarationsprozesse. <\/li>\n\n\n\n<li>Keine Vor- oder Nachbehandlung n\u00f6tig.<\/li>\n\n\n\n<li>Erste Ergebnisse sind oft schon direkt nach der Behandlung sichtbar. Das Endergebnis tritt ab dem dritten bis zum sechsten Monat ein.<\/li>\n\n\n\n<li>Das Ergebnis h\u00e4lt bis zu einem Jahr und l\u00e4nger. Weitere Behandlungen sind jederzeit m\u00f6glich.<br><\/li>\n<\/ul>\n\n\n\n<div style=\"height:20px\" aria-hidden=\"true\" class=\"wp-block-spacer\"><\/div>\n\n\n\n<figure class=\"wp-block-image size-large\"><img loading=\"lazy\" decoding=\"async\" width=\"367\" height=\"803\" src=\"https:\/\/drdnvpaul.de\/wp-content\/uploads\/2020\/11\/stk1_-1.jpg\" alt=\"\" class=\"wp-image-731\" srcset=\"https:\/\/drdnvpaul.de\/wp-content\/uploads\/2020\/11\/stk1_-1.jpg 367w, https:\/\/drdnvpaul.de\/wp-content\/uploads\/2020\/11\/stk1_-1-137x300.jpg 137w\" sizes=\"auto, (max-width: 367px) 100vw, 367px\" \/><figcaption class=\"wp-element-caption\">Bilder Quelle: Flyer STK Mulitline ULTRAFORM GmbH<\/figcaption><\/figure>\n\n\n\n<p><strong>STK-MULTILINE SYSTEM der Firma ULTRAFORM GmbH aus Donaueschingen: <\/strong><\/p>\n\n\n\n<p><a rel=\"noreferrer noopener\" href=\"http:\/\/www.ultraform.de\" target=\"_blank\">www.ultraform.de<\/a><\/p>\n\n\n\n<p><a href=\"https:\/\/www.pretty-perfect.com\" target=\"_blank\" rel=\"noreferrer noopener\">https:\/\/www.pretty-perfect.com<\/a><\/p>\n\n\n\n<p><\/p>\n\n\n<div class=\"salonized-booking\" data-company=\"K36fxFX4GZXnCZPz1ReqrFEd\" data-color=\"#FF6575\" data-language=\"de\" data-height=\"700\" data-position=\"right\"><\/div>\n<p><script src=\"https:\/\/static-widget.salonized.com\/loader.js\"><\/script><\/p>","protected":false},"excerpt":{"rendered":"<p>STK MULTILINE NEU! DAS ULTRASCHALL-LIFTING OHNE OP UND AUSFALLZEIT<\/p>\n","protected":false},"author":1,"featured_media":0,"parent":0,"menu_order":0,"comment_status":"closed","ping_status":"closed","template":"","meta":{"footnotes":""},"class_list":["post-675","page","type-page","status-publish","hentry"],"yoast_head":"<!-- This site is optimized with the Yoast SEO plugin v24.5 - https:\/\/yoast.com\/wordpress\/plugins\/seo\/ -->\n<title>ULTRASCHALL-LIFTING - StayVisible!<\/title>\n<meta name=\"description\" content=\"Ultraschall-Lifting STK MULTILINE f\u00fcr Gesicht &amp; K\u00f6rper. Alternatives Facelifting ohne Skalpell &amp; Spritzen. Eine hochwirksame, nicht-invasive Methode.\" \/>\n<meta name=\"robots\" content=\"index, follow, max-snippet:-1, max-image-preview:large, max-video-preview:-1\" \/>\n<link rel=\"canonical\" href=\"https:\/\/drdnvpaul.de\/?page_id=675\" \/>\n<meta property=\"og:locale\" content=\"de_DE\" \/>\n<meta property=\"og:type\" content=\"article\" \/>\n<meta property=\"og:title\" content=\"ULTRASCHALL-LIFTING - StayVisible!\" \/>\n<meta property=\"og:description\" content=\"Ultraschall-Lifting STK MULTILINE f\u00fcr Gesicht &amp; K\u00f6rper. Alternatives Facelifting ohne Skalpell &amp; Spritzen. Eine hochwirksame, nicht-invasive Methode.\" \/>\n<meta property=\"og:url\" content=\"https:\/\/drdnvpaul.de\/?page_id=675\" \/>\n<meta property=\"og:site_name\" content=\"StayVisible!\" \/>\n<meta property=\"article:publisher\" content=\"https:\/\/www.facebook.com\/search\/top?q=dr.%20dietmar%20nikolai%20vincent%20paul\" \/>\n<meta property=\"article:modified_time\" content=\"2023-07-30T16:12:18+00:00\" \/>\n<meta property=\"og:image\" content=\"https:\/\/drdnvpaul.de\/wp-content\/uploads\/2021\/01\/1080x1350_StayVisibleUltraschall-819x1024.jpg\" \/>\n<meta name=\"twitter:card\" content=\"summary_large_image\" \/>\n<meta name=\"twitter:label1\" content=\"Gesch\u00e4tzte Lesezeit\" \/>\n\t<meta name=\"twitter:data1\" content=\"3\u00a0Minuten\" \/>\n<script type=\"application\/ld+json\" class=\"yoast-schema-graph\">{\"@context\":\"https:\/\/schema.org\",\"@graph\":[{\"@type\":\"WebPage\",\"@id\":\"https:\/\/drdnvpaul.de\/?page_id=675\",\"url\":\"https:\/\/drdnvpaul.de\/?page_id=675\",\"name\":\"ULTRASCHALL-LIFTING - StayVisible!\",\"isPartOf\":{\"@id\":\"https:\/\/drdnvpaul.de\/#website\"},\"primaryImageOfPage\":{\"@id\":\"https:\/\/drdnvpaul.de\/?page_id=675#primaryimage\"},\"image\":{\"@id\":\"https:\/\/drdnvpaul.de\/?page_id=675#primaryimage\"},\"thumbnailUrl\":\"https:\/\/drdnvpaul.de\/wp-content\/uploads\/2021\/01\/1080x1350_StayVisibleUltraschall-819x1024.jpg\",\"datePublished\":\"2020-11-10T21:05:47+00:00\",\"dateModified\":\"2023-07-30T16:12:18+00:00\",\"description\":\"Ultraschall-Lifting STK MULTILINE f\u00fcr Gesicht & K\u00f6rper. Alternatives Facelifting ohne Skalpell & Spritzen. Eine hochwirksame, nicht-invasive Methode.\",\"breadcrumb\":{\"@id\":\"https:\/\/drdnvpaul.de\/?page_id=675#breadcrumb\"},\"inLanguage\":\"de\",\"potentialAction\":[{\"@type\":\"ReadAction\",\"target\":[\"https:\/\/drdnvpaul.de\/?page_id=675\"]}]},{\"@type\":\"ImageObject\",\"inLanguage\":\"de\",\"@id\":\"https:\/\/drdnvpaul.de\/?page_id=675#primaryimage\",\"url\":\"https:\/\/drdnvpaul.de\/wp-content\/uploads\/2021\/01\/1080x1350_StayVisibleUltraschall-819x1024.jpg\",\"contentUrl\":\"https:\/\/drdnvpaul.de\/wp-content\/uploads\/2021\/01\/1080x1350_StayVisibleUltraschall-819x1024.jpg\"},{\"@type\":\"BreadcrumbList\",\"@id\":\"https:\/\/drdnvpaul.de\/?page_id=675#breadcrumb\",\"itemListElement\":[{\"@type\":\"ListItem\",\"position\":1,\"name\":\"Startseite\",\"item\":\"https:\/\/drdnvpaul.de\/\"},{\"@type\":\"ListItem\",\"position\":2,\"name\":\"ULTRASCHALL-LIFTING\"}]},{\"@type\":\"WebSite\",\"@id\":\"https:\/\/drdnvpaul.de\/#website\",\"url\":\"https:\/\/drdnvpaul.de\/\",\"name\":\"StayVisible!\",\"description\":\"Anti Aging \u2013 Faltenbehandlung \u2013 Gesichts\u00e4sthetik\",\"publisher\":{\"@id\":\"https:\/\/drdnvpaul.de\/#organization\"},\"potentialAction\":[{\"@type\":\"SearchAction\",\"target\":{\"@type\":\"EntryPoint\",\"urlTemplate\":\"https:\/\/drdnvpaul.de\/?s={search_term_string}\"},\"query-input\":{\"@type\":\"PropertyValueSpecification\",\"valueRequired\":true,\"valueName\":\"search_term_string\"}}],\"inLanguage\":\"de\"},{\"@type\":\"Organization\",\"@id\":\"https:\/\/drdnvpaul.de\/#organization\",\"name\":\"STAY VISIBLE! Privatpraxis f\u00fcr \u00c4sthetische und Anti-Aging Medizin Dr. med. DNV Paul\",\"url\":\"https:\/\/drdnvpaul.de\/\",\"logo\":{\"@type\":\"ImageObject\",\"inLanguage\":\"de\",\"@id\":\"https:\/\/drdnvpaul.de\/#\/schema\/logo\/image\/\",\"url\":\"https:\/\/drdnvpaul.de\/wp-content\/uploads\/2020\/11\/Logo_Ausgangsdatei_StayVisible.png\",\"contentUrl\":\"https:\/\/drdnvpaul.de\/wp-content\/uploads\/2020\/11\/Logo_Ausgangsdatei_StayVisible.png\",\"width\":317,\"height\":317,\"caption\":\"STAY VISIBLE! Privatpraxis f\u00fcr \u00c4sthetische und Anti-Aging Medizin Dr. med. DNV Paul\"},\"image\":{\"@id\":\"https:\/\/drdnvpaul.de\/#\/schema\/logo\/image\/\"},\"sameAs\":[\"https:\/\/www.facebook.com\/search\/top?q=dr. dietmar nikolai vincent paul\",\"https:\/\/www.instagram.com\/stayvisible_dr.paul\/\"]}]}<\/script>\n<!-- \/ Yoast SEO plugin. -->","yoast_head_json":{"title":"ULTRASCHALL-LIFTING - StayVisible!","description":"Ultraschall-Lifting STK MULTILINE f\u00fcr Gesicht & K\u00f6rper. Alternatives Facelifting ohne Skalpell & Spritzen. Eine hochwirksame, nicht-invasive Methode.","robots":{"index":"index","follow":"follow","max-snippet":"max-snippet:-1","max-image-preview":"max-image-preview:large","max-video-preview":"max-video-preview:-1"},"canonical":"https:\/\/drdnvpaul.de\/?page_id=675","og_locale":"de_DE","og_type":"article","og_title":"ULTRASCHALL-LIFTING - StayVisible!","og_description":"Ultraschall-Lifting STK MULTILINE f\u00fcr Gesicht & K\u00f6rper. Alternatives Facelifting ohne Skalpell & Spritzen. Eine hochwirksame, nicht-invasive Methode.","og_url":"https:\/\/drdnvpaul.de\/?page_id=675","og_site_name":"StayVisible!","article_publisher":"https:\/\/www.facebook.com\/search\/top?q=dr.%20dietmar%20nikolai%20vincent%20paul","article_modified_time":"2023-07-30T16:12:18+00:00","og_image":[{"url":"https:\/\/drdnvpaul.de\/wp-content\/uploads\/2021\/01\/1080x1350_StayVisibleUltraschall-819x1024.jpg","type":"","width":"","height":""}],"twitter_card":"summary_large_image","twitter_misc":{"Gesch\u00e4tzte Lesezeit":"3\u00a0Minuten"},"schema":{"@context":"https:\/\/schema.org","@graph":[{"@type":"WebPage","@id":"https:\/\/drdnvpaul.de\/?page_id=675","url":"https:\/\/drdnvpaul.de\/?page_id=675","name":"ULTRASCHALL-LIFTING - StayVisible!","isPartOf":{"@id":"https:\/\/drdnvpaul.de\/#website"},"primaryImageOfPage":{"@id":"https:\/\/drdnvpaul.de\/?page_id=675#primaryimage"},"image":{"@id":"https:\/\/drdnvpaul.de\/?page_id=675#primaryimage"},"thumbnailUrl":"https:\/\/drdnvpaul.de\/wp-content\/uploads\/2021\/01\/1080x1350_StayVisibleUltraschall-819x1024.jpg","datePublished":"2020-11-10T21:05:47+00:00","dateModified":"2023-07-30T16:12:18+00:00","description":"Ultraschall-Lifting STK MULTILINE f\u00fcr Gesicht & K\u00f6rper. Alternatives Facelifting ohne Skalpell & Spritzen. Eine hochwirksame, nicht-invasive Methode.","breadcrumb":{"@id":"https:\/\/drdnvpaul.de\/?page_id=675#breadcrumb"},"inLanguage":"de","potentialAction":[{"@type":"ReadAction","target":["https:\/\/drdnvpaul.de\/?page_id=675"]}]},{"@type":"ImageObject","inLanguage":"de","@id":"https:\/\/drdnvpaul.de\/?page_id=675#primaryimage","url":"https:\/\/drdnvpaul.de\/wp-content\/uploads\/2021\/01\/1080x1350_StayVisibleUltraschall-819x1024.jpg","contentUrl":"https:\/\/drdnvpaul.de\/wp-content\/uploads\/2021\/01\/1080x1350_StayVisibleUltraschall-819x1024.jpg"},{"@type":"BreadcrumbList","@id":"https:\/\/drdnvpaul.de\/?page_id=675#breadcrumb","itemListElement":[{"@type":"ListItem","position":1,"name":"Startseite","item":"https:\/\/drdnvpaul.de\/"},{"@type":"ListItem","position":2,"name":"ULTRASCHALL-LIFTING"}]},{"@type":"WebSite","@id":"https:\/\/drdnvpaul.de\/#website","url":"https:\/\/drdnvpaul.de\/","name":"StayVisible!","description":"Anti Aging \u2013 Faltenbehandlung \u2013 Gesichts\u00e4sthetik","publisher":{"@id":"https:\/\/drdnvpaul.de\/#organization"},"potentialAction":[{"@type":"SearchAction","target":{"@type":"EntryPoint","urlTemplate":"https:\/\/drdnvpaul.de\/?s={search_term_string}"},"query-input":{"@type":"PropertyValueSpecification","valueRequired":true,"valueName":"search_term_string"}}],"inLanguage":"de"},{"@type":"Organization","@id":"https:\/\/drdnvpaul.de\/#organization","name":"STAY VISIBLE! Privatpraxis f\u00fcr \u00c4sthetische und Anti-Aging Medizin Dr. med. DNV Paul","url":"https:\/\/drdnvpaul.de\/","logo":{"@type":"ImageObject","inLanguage":"de","@id":"https:\/\/drdnvpaul.de\/#\/schema\/logo\/image\/","url":"https:\/\/drdnvpaul.de\/wp-content\/uploads\/2020\/11\/Logo_Ausgangsdatei_StayVisible.png","contentUrl":"https:\/\/drdnvpaul.de\/wp-content\/uploads\/2020\/11\/Logo_Ausgangsdatei_StayVisible.png","width":317,"height":317,"caption":"STAY VISIBLE! Privatpraxis f\u00fcr \u00c4sthetische und Anti-Aging Medizin Dr. med. DNV Paul"},"image":{"@id":"https:\/\/drdnvpaul.de\/#\/schema\/logo\/image\/"},"sameAs":["https:\/\/www.facebook.com\/search\/top?q=dr. dietmar nikolai vincent paul","https:\/\/www.instagram.com\/stayvisible_dr.paul\/"]}]}},"_links":{"self":[{"href":"https:\/\/drdnvpaul.de\/index.php?rest_route=\/wp\/v2\/pages\/675","targetHints":{"allow":["GET"]}}],"collection":[{"href":"https:\/\/drdnvpaul.de\/index.php?rest_route=\/wp\/v2\/pages"}],"about":[{"href":"https:\/\/drdnvpaul.de\/index.php?rest_route=\/wp\/v2\/types\/page"}],"author":[{"embeddable":true,"href":"https:\/\/drdnvpaul.de\/index.php?rest_route=\/wp\/v2\/users\/1"}],"replies":[{"embeddable":true,"href":"https:\/\/drdnvpaul.de\/index.php?rest_route=%2Fwp%2Fv2%2Fcomments&post=675"}],"version-history":[{"count":30,"href":"https:\/\/drdnvpaul.de\/index.php?rest_route=\/wp\/v2\/pages\/675\/revisions"}],"predecessor-version":[{"id":1044,"href":"https:\/\/drdnvpaul.de\/index.php?rest_route=\/wp\/v2\/pages\/675\/revisions\/1044"}],"wp:attachment":[{"href":"https:\/\/drdnvpaul.de\/index.php?rest_route=%2Fwp%2Fv2%2Fmedia&parent=675"}],"curies":[{"name":"wp","href":"https:\/\/api.w.org\/{rel}","templated":true}]}}