{"id":57,"date":"2018-12-30T18:45:56","date_gmt":"2018-12-30T18:45:56","guid":{"rendered":"http:\/\/drdnvpaul.de\/?page_id=57"},"modified":"2023-07-30T16:10:54","modified_gmt":"2023-07-30T16:10:54","slug":"preise","status":"publish","type":"page","link":"https:\/\/drdnvpaul.de\/?page_id=57","title":{"rendered":"PREISE"},"content":{"rendered":"\n<h2 class=\"wp-block-heading\"><strong>Botulinumtoxin:<\/strong><\/h2>\n\n\n\n<p><strong>Faltenbehandlung<\/strong><\/p>\n\n\n\n<p class=\"has-text-align-right\"><br> Horizontale Stirnfalten:            ab 320,- Euro<br> Glabella (Zornesfalte):            ab 320,-Euro<br> Seitliche Kanthaltfalten (Kr\u00e4henf\u00fc\u00dfe):    ab 290,- Euro<br> Knitterfalten Unterlidregion:        ab 210,- Euro<br> Nasenfalten (Bunny Lines):            ab 320,- Euro<br> Falten im Lippenbereich (Plisseefalten):     ab 250,- Euro<br> Marionettenlinien (H\u00e4ngende Mundwinkel):    ab 320,- Euro<br> Pflastersteinkinnfalten:            ab 320,- Euro<br> Halsstr\u00e4nge:                ab 320,- Euro<\/p>\n\n\n\n<p><\/p>\n\n\n\n<p class=\"has-text-align-left\"><strong>Konturierung<\/strong><\/p>\n\n\n\n<p class=\"has-text-align-right\"><br> Augenbrauenhebung (Chemical brow lift):     ab 320,- Euro<br> Anti-Mephisto-Braue (Anti-Mr.Spock-Look):    ab 320,- Euro<br> Lidspaltenvergr\u00f6\u00dferung (Open-Eye-Look):    ab 320,- Euro<br> Gesichtsverschm\u00e4lerung (Backenregion):    ab 600,- Euro<\/p>\n\n\n\n<h2 class=\"wp-block-heading\"><\/h2>\n\n\n\n<p><\/p>\n\n\n\n<h2 class=\"wp-block-heading\"><strong>Hyalurons\u00e4ure<\/strong>:<\/h2>\n\n\n\n<p class=\"has-text-align-left\"><strong>Gesichtskonturierung<\/strong><\/p>\n\n\n\n<p class=\"has-text-align-right\"><br> Augenringe\/Tr\u00e4nenrinne:    ab 450,- Euro<br> Wangenauff\u00fcllung:   ab 600,- Euro<br> Gesichtsmodellierung:  ab 900,- Euro<br> Lippenkonturierung und -voluminisierung:  ab 320,- Euro<\/p>\n\n\n\n<p class=\"has-text-align-left\"><strong>Faltenbehandlung<\/strong><\/p>\n\n\n\n<p class=\"has-text-align-right\"><br> Nasolabialfalten:    ab 620,- Euro<br> Dekollet\u00e9e-Verj\u00fcngung (Skin-Booster):    ab 1200,- Euro<br> Handr\u00fccken-Verj\u00fcngung (Skin-Booster):    ab 420,- Euro<\/p>\n\n\n\n<p><\/p>\n\n\n\n<hr class=\"wp-block-separator has-css-opacity\"\/>\n\n\n\n<h2 class=\"wp-block-heading\">STK Ultraschall-Lifting:<\/h2>\n\n\n\n<p class=\"has-text-align-right\">Stirn: 150,- Euro<br>Augen unten: 200,- Euro<br>Augen unten mit Schl\u00e4fe: 250,- Euro<\/p>\n\n\n\n<p class=\"has-text-align-right\">Wangen komplett: 650,- Euro<br>Mundregion: 350,- Euro<br>untere Wangenregion + Jawline: 650,- Euro<br>Kinnlinie Jawline: 450,- Euro<br>Hals: 600,- Euro<\/p>\n\n\n\n<p class=\"has-text-align-right\">Oberarme Straffung: 850,- Euro<br>Bauchdecke Straffung: n. V.<br>Anti Cellulite Behandlung: n. V.<\/p>\n\n\n\n<div style=\"height:20px\" aria-hidden=\"true\" class=\"wp-block-spacer\"><\/div>\n\n\n\n<h2 class=\"wp-block-heading\">APTOS-Fadenlifting:<\/h2>\n\n\n\n<p class=\"has-text-align-right\">Preise auf Anfrage<\/p>\n\n\n\n<p><\/p>\n\n\n\n<h2 class=\"wp-block-heading\">Mesotherapie\/REDERMALISATION:<\/h2>\n\n\n\n<p class=\"has-text-align-right\">Preise auf Anfrage<\/p>\n\n\n<div class=\"salonized-booking\" data-company=\"K36fxFX4GZXnCZPz1ReqrFEd\" data-color=\"#FF6575\" data-language=\"de\" data-height=\"700\" data-position=\"right\"><\/div>\n<p><script src=\"https:\/\/static-widget.salonized.com\/loader.js\"><\/script><\/p>","protected":false},"excerpt":{"rendered":"<p>Botulinumtoxin: Faltenbehandlung Horizontale Stirnfalten: ab 320,- Euro Glabella (Zornesfalte): ab 320,-Euro Seitliche Kanthaltfalten (Kr\u00e4henf\u00fc\u00dfe): ab 290,- Euro Knitterfalten Unterlidregion: ab 210,- Euro Nasenfalten (Bunny Lines): ab 320,- Euro Falten im Lippenbereich (Plisseefalten): ab 250,- Euro Marionettenlinien (H\u00e4ngende Mundwinkel): ab 320,-<\/p>\n","protected":false},"author":1,"featured_media":25,"parent":0,"menu_order":0,"comment_status":"closed","ping_status":"closed","template":"","meta":{"footnotes":""},"class_list":["post-57","page","type-page","status-publish","has-post-thumbnail","hentry"],"yoast_head":"<!-- This site is optimized with the Yoast SEO plugin v24.5 - https:\/\/yoast.com\/wordpress\/plugins\/seo\/ -->\n<title>PREISE - StayVisible!<\/title>\n<meta name=\"description\" content=\"Preise von Botulinumtoxin \u2013 Hyalurons\u00e4ure \u2013 STK Ultraschall-Lifting. Informieren Sie sich \u00fcber die Kosten f\u00fcr Faltenbehandlung und Face-Lifting.\" \/>\n<meta name=\"robots\" content=\"index, follow, max-snippet:-1, max-image-preview:large, max-video-preview:-1\" \/>\n<link rel=\"canonical\" href=\"https:\/\/drdnvpaul.de\/?page_id=57\" \/>\n<meta property=\"og:locale\" content=\"de_DE\" \/>\n<meta property=\"og:type\" content=\"article\" \/>\n<meta property=\"og:title\" content=\"PREISE - StayVisible!\" \/>\n<meta property=\"og:description\" content=\"Preise von Botulinumtoxin \u2013 Hyalurons\u00e4ure \u2013 STK Ultraschall-Lifting. Informieren Sie sich \u00fcber die Kosten f\u00fcr Faltenbehandlung und Face-Lifting.\" \/>\n<meta property=\"og:url\" content=\"https:\/\/drdnvpaul.de\/?page_id=57\" \/>\n<meta property=\"og:site_name\" content=\"StayVisible!\" \/>\n<meta property=\"article:publisher\" content=\"https:\/\/www.facebook.com\/search\/top?q=dr.%20dietmar%20nikolai%20vincent%20paul\" \/>\n<meta property=\"article:modified_time\" content=\"2023-07-30T16:10:54+00:00\" \/>\n<meta property=\"og:image\" content=\"http:\/\/drdnvpaul.de\/wp-content\/uploads\/2018\/12\/AdobeStock_115494016_Preview.jpeg\" \/>\n\t<meta property=\"og:image:width\" content=\"1000\" \/>\n\t<meta property=\"og:image:height\" content=\"795\" \/>\n\t<meta property=\"og:image:type\" content=\"image\/jpeg\" \/>\n<meta name=\"twitter:card\" content=\"summary_large_image\" \/>\n<meta name=\"twitter:label1\" content=\"Gesch\u00e4tzte Lesezeit\" \/>\n\t<meta name=\"twitter:data1\" content=\"1\u00a0Minute\" \/>\n<script type=\"application\/ld+json\" class=\"yoast-schema-graph\">{\"@context\":\"https:\/\/schema.org\",\"@graph\":[{\"@type\":\"WebPage\",\"@id\":\"https:\/\/drdnvpaul.de\/?page_id=57\",\"url\":\"https:\/\/drdnvpaul.de\/?page_id=57\",\"name\":\"PREISE - StayVisible!\",\"isPartOf\":{\"@id\":\"https:\/\/drdnvpaul.de\/#website\"},\"primaryImageOfPage\":{\"@id\":\"https:\/\/drdnvpaul.de\/?page_id=57#primaryimage\"},\"image\":{\"@id\":\"https:\/\/drdnvpaul.de\/?page_id=57#primaryimage\"},\"thumbnailUrl\":\"https:\/\/drdnvpaul.de\/wp-content\/uploads\/2018\/12\/AdobeStock_115494016_Preview.jpeg\",\"datePublished\":\"2018-12-30T18:45:56+00:00\",\"dateModified\":\"2023-07-30T16:10:54+00:00\",\"description\":\"Preise von Botulinumtoxin \u2013 Hyalurons\u00e4ure \u2013 STK Ultraschall-Lifting. Informieren Sie sich \u00fcber die Kosten f\u00fcr Faltenbehandlung und Face-Lifting.\",\"breadcrumb\":{\"@id\":\"https:\/\/drdnvpaul.de\/?page_id=57#breadcrumb\"},\"inLanguage\":\"de\",\"potentialAction\":[{\"@type\":\"ReadAction\",\"target\":[\"https:\/\/drdnvpaul.de\/?page_id=57\"]}]},{\"@type\":\"ImageObject\",\"inLanguage\":\"de\",\"@id\":\"https:\/\/drdnvpaul.de\/?page_id=57#primaryimage\",\"url\":\"https:\/\/drdnvpaul.de\/wp-content\/uploads\/2018\/12\/AdobeStock_115494016_Preview.jpeg\",\"contentUrl\":\"https:\/\/drdnvpaul.de\/wp-content\/uploads\/2018\/12\/AdobeStock_115494016_Preview.jpeg\",\"width\":1000,\"height\":795},{\"@type\":\"BreadcrumbList\",\"@id\":\"https:\/\/drdnvpaul.de\/?page_id=57#breadcrumb\",\"itemListElement\":[{\"@type\":\"ListItem\",\"position\":1,\"name\":\"Startseite\",\"item\":\"https:\/\/drdnvpaul.de\/\"},{\"@type\":\"ListItem\",\"position\":2,\"name\":\"PREISE\"}]},{\"@type\":\"WebSite\",\"@id\":\"https:\/\/drdnvpaul.de\/#website\",\"url\":\"https:\/\/drdnvpaul.de\/\",\"name\":\"StayVisible!\",\"description\":\"Anti Aging \u2013 Faltenbehandlung \u2013 Gesichts\u00e4sthetik\",\"publisher\":{\"@id\":\"https:\/\/drdnvpaul.de\/#organization\"},\"potentialAction\":[{\"@type\":\"SearchAction\",\"target\":{\"@type\":\"EntryPoint\",\"urlTemplate\":\"https:\/\/drdnvpaul.de\/?s={search_term_string}\"},\"query-input\":{\"@type\":\"PropertyValueSpecification\",\"valueRequired\":true,\"valueName\":\"search_term_string\"}}],\"inLanguage\":\"de\"},{\"@type\":\"Organization\",\"@id\":\"https:\/\/drdnvpaul.de\/#organization\",\"name\":\"STAY VISIBLE! Privatpraxis f\u00fcr \u00c4sthetische und Anti-Aging Medizin Dr. med. DNV Paul\",\"url\":\"https:\/\/drdnvpaul.de\/\",\"logo\":{\"@type\":\"ImageObject\",\"inLanguage\":\"de\",\"@id\":\"https:\/\/drdnvpaul.de\/#\/schema\/logo\/image\/\",\"url\":\"https:\/\/drdnvpaul.de\/wp-content\/uploads\/2020\/11\/Logo_Ausgangsdatei_StayVisible.png\",\"contentUrl\":\"https:\/\/drdnvpaul.de\/wp-content\/uploads\/2020\/11\/Logo_Ausgangsdatei_StayVisible.png\",\"width\":317,\"height\":317,\"caption\":\"STAY VISIBLE! Privatpraxis f\u00fcr \u00c4sthetische und Anti-Aging Medizin Dr. med. DNV Paul\"},\"image\":{\"@id\":\"https:\/\/drdnvpaul.de\/#\/schema\/logo\/image\/\"},\"sameAs\":[\"https:\/\/www.facebook.com\/search\/top?q=dr. dietmar nikolai vincent paul\",\"https:\/\/www.instagram.com\/stayvisible_dr.paul\/\"]}]}<\/script>\n<!-- \/ Yoast SEO plugin. -->","yoast_head_json":{"title":"PREISE - StayVisible!","description":"Preise von Botulinumtoxin \u2013 Hyalurons\u00e4ure \u2013 STK Ultraschall-Lifting. Informieren Sie sich \u00fcber die Kosten f\u00fcr Faltenbehandlung und Face-Lifting.","robots":{"index":"index","follow":"follow","max-snippet":"max-snippet:-1","max-image-preview":"max-image-preview:large","max-video-preview":"max-video-preview:-1"},"canonical":"https:\/\/drdnvpaul.de\/?page_id=57","og_locale":"de_DE","og_type":"article","og_title":"PREISE - StayVisible!","og_description":"Preise von Botulinumtoxin \u2013 Hyalurons\u00e4ure \u2013 STK Ultraschall-Lifting. Informieren Sie sich \u00fcber die Kosten f\u00fcr Faltenbehandlung und Face-Lifting.","og_url":"https:\/\/drdnvpaul.de\/?page_id=57","og_site_name":"StayVisible!","article_publisher":"https:\/\/www.facebook.com\/search\/top?q=dr.%20dietmar%20nikolai%20vincent%20paul","article_modified_time":"2023-07-30T16:10:54+00:00","og_image":[{"width":1000,"height":795,"url":"http:\/\/drdnvpaul.de\/wp-content\/uploads\/2018\/12\/AdobeStock_115494016_Preview.jpeg","type":"image\/jpeg"}],"twitter_card":"summary_large_image","twitter_misc":{"Gesch\u00e4tzte Lesezeit":"1\u00a0Minute"},"schema":{"@context":"https:\/\/schema.org","@graph":[{"@type":"WebPage","@id":"https:\/\/drdnvpaul.de\/?page_id=57","url":"https:\/\/drdnvpaul.de\/?page_id=57","name":"PREISE - StayVisible!","isPartOf":{"@id":"https:\/\/drdnvpaul.de\/#website"},"primaryImageOfPage":{"@id":"https:\/\/drdnvpaul.de\/?page_id=57#primaryimage"},"image":{"@id":"https:\/\/drdnvpaul.de\/?page_id=57#primaryimage"},"thumbnailUrl":"https:\/\/drdnvpaul.de\/wp-content\/uploads\/2018\/12\/AdobeStock_115494016_Preview.jpeg","datePublished":"2018-12-30T18:45:56+00:00","dateModified":"2023-07-30T16:10:54+00:00","description":"Preise von Botulinumtoxin \u2013 Hyalurons\u00e4ure \u2013 STK Ultraschall-Lifting. Informieren Sie sich \u00fcber die Kosten f\u00fcr Faltenbehandlung und Face-Lifting.","breadcrumb":{"@id":"https:\/\/drdnvpaul.de\/?page_id=57#breadcrumb"},"inLanguage":"de","potentialAction":[{"@type":"ReadAction","target":["https:\/\/drdnvpaul.de\/?page_id=57"]}]},{"@type":"ImageObject","inLanguage":"de","@id":"https:\/\/drdnvpaul.de\/?page_id=57#primaryimage","url":"https:\/\/drdnvpaul.de\/wp-content\/uploads\/2018\/12\/AdobeStock_115494016_Preview.jpeg","contentUrl":"https:\/\/drdnvpaul.de\/wp-content\/uploads\/2018\/12\/AdobeStock_115494016_Preview.jpeg","width":1000,"height":795},{"@type":"BreadcrumbList","@id":"https:\/\/drdnvpaul.de\/?page_id=57#breadcrumb","itemListElement":[{"@type":"ListItem","position":1,"name":"Startseite","item":"https:\/\/drdnvpaul.de\/"},{"@type":"ListItem","position":2,"name":"PREISE"}]},{"@type":"WebSite","@id":"https:\/\/drdnvpaul.de\/#website","url":"https:\/\/drdnvpaul.de\/","name":"StayVisible!","description":"Anti Aging \u2013 Faltenbehandlung \u2013 Gesichts\u00e4sthetik","publisher":{"@id":"https:\/\/drdnvpaul.de\/#organization"},"potentialAction":[{"@type":"SearchAction","target":{"@type":"EntryPoint","urlTemplate":"https:\/\/drdnvpaul.de\/?s={search_term_string}"},"query-input":{"@type":"PropertyValueSpecification","valueRequired":true,"valueName":"search_term_string"}}],"inLanguage":"de"},{"@type":"Organization","@id":"https:\/\/drdnvpaul.de\/#organization","name":"STAY VISIBLE! Privatpraxis f\u00fcr \u00c4sthetische und Anti-Aging Medizin Dr. med. DNV Paul","url":"https:\/\/drdnvpaul.de\/","logo":{"@type":"ImageObject","inLanguage":"de","@id":"https:\/\/drdnvpaul.de\/#\/schema\/logo\/image\/","url":"https:\/\/drdnvpaul.de\/wp-content\/uploads\/2020\/11\/Logo_Ausgangsdatei_StayVisible.png","contentUrl":"https:\/\/drdnvpaul.de\/wp-content\/uploads\/2020\/11\/Logo_Ausgangsdatei_StayVisible.png","width":317,"height":317,"caption":"STAY VISIBLE! Privatpraxis f\u00fcr \u00c4sthetische und Anti-Aging Medizin Dr. med. DNV Paul"},"image":{"@id":"https:\/\/drdnvpaul.de\/#\/schema\/logo\/image\/"},"sameAs":["https:\/\/www.facebook.com\/search\/top?q=dr. dietmar nikolai vincent paul","https:\/\/www.instagram.com\/stayvisible_dr.paul\/"]}]}},"_links":{"self":[{"href":"https:\/\/drdnvpaul.de\/index.php?rest_route=\/wp\/v2\/pages\/57","targetHints":{"allow":["GET"]}}],"collection":[{"href":"https:\/\/drdnvpaul.de\/index.php?rest_route=\/wp\/v2\/pages"}],"about":[{"href":"https:\/\/drdnvpaul.de\/index.php?rest_route=\/wp\/v2\/types\/page"}],"author":[{"embeddable":true,"href":"https:\/\/drdnvpaul.de\/index.php?rest_route=\/wp\/v2\/users\/1"}],"replies":[{"embeddable":true,"href":"https:\/\/drdnvpaul.de\/index.php?rest_route=%2Fwp%2Fv2%2Fcomments&post=57"}],"version-history":[{"count":26,"href":"https:\/\/drdnvpaul.de\/index.php?rest_route=\/wp\/v2\/pages\/57\/revisions"}],"predecessor-version":[{"id":1039,"href":"https:\/\/drdnvpaul.de\/index.php?rest_route=\/wp\/v2\/pages\/57\/revisions\/1039"}],"wp:featuredmedia":[{"embeddable":true,"href":"https:\/\/drdnvpaul.de\/index.php?rest_route=\/wp\/v2\/media\/25"}],"wp:attachment":[{"href":"https:\/\/drdnvpaul.de\/index.php?rest_route=%2Fwp%2Fv2%2Fmedia&parent=57"}],"curies":[{"name":"wp","href":"https:\/\/api.w.org\/{rel}","templated":true}]}}