{"id":404,"date":"2019-01-06T16:15:02","date_gmt":"2019-01-06T16:15:02","guid":{"rendered":"http:\/\/drdnvpaul.de\/?page_id=404"},"modified":"2020-11-11T00:01:15","modified_gmt":"2020-11-11T00:01:15","slug":"anti-aging-maenner","status":"publish","type":"page","link":"https:\/\/drdnvpaul.de\/?page_id=404","title":{"rendered":"Anti-Aging | M\u00e4nner"},"content":{"rendered":"\n<figure class=\"wp-block-image\"><img loading=\"lazy\" decoding=\"async\" width=\"1024\" height=\"273\" src=\"http:\/\/drdnvpaul.de\/wp-content\/uploads\/2019\/01\/SLIDER_MANN-1024x273.jpg\" alt=\"\" class=\"wp-image-349\" srcset=\"https:\/\/drdnvpaul.de\/wp-content\/uploads\/2019\/01\/SLIDER_MANN-1024x273.jpg 1024w, https:\/\/drdnvpaul.de\/wp-content\/uploads\/2019\/01\/SLIDER_MANN-300x80.jpg 300w, https:\/\/drdnvpaul.de\/wp-content\/uploads\/2019\/01\/SLIDER_MANN-768x205.jpg 768w, https:\/\/drdnvpaul.de\/wp-content\/uploads\/2019\/01\/SLIDER_MANN-600x160.jpg 600w, https:\/\/drdnvpaul.de\/wp-content\/uploads\/2019\/01\/SLIDER_MANN.jpg 1500w\" sizes=\"auto, (max-width: 1024px) 100vw, 1024px\" \/><\/figure>\n\n\n\n<h2 class=\"wp-block-heading\">Botulinumtoxin beim Mann<\/h2>\n\n\n\n<div style=\"height:21px\" aria-hidden=\"true\" class=\"wp-block-spacer\"><\/div>\n\n\n\n<h4 class=\"wp-block-heading\"><strong>Immer mehr M\u00e4nner interessieren sich f\u00fcr \u00e4sthetische Ma\u00dfnahmen, <\/strong><\/h4>\n\n\n\n<!--more-->\n\n\n\n<p>dies belegt eine Studie der Deutschen Gesellschaft f\u00fcr \u00c4sthetisch-Plastische Chirurgie (DG\u00c4PC) \u00fcber Trends in der \u00c4sthetisch-Plastischen Chirurgie 2012\/2013.<\/p>\n\n\n\n<div style=\"height:23px\" aria-hidden=\"true\" class=\"wp-block-spacer\"><\/div>\n\n\n\n<h4 class=\"wp-block-heading\"><strong>Gibt es\nUnterschiede zwischen der Haut von M\u00e4nnern und Frauen?<\/strong><\/h4>\n\n\n\n<p>Es existieren gro\u00dfe Unterschiede zwischen der weiblichen und der m\u00e4nnlichen Haut: Die Haut der M\u00e4nner ist in der Regel fester und bis zu 20 Prozent dicker wie die der Frauen. M\u00e4nner haben mehr Bindegewebe und verf\u00fcgen \u00fcber eine deutlich gr\u00f6\u00dfere Anzahl an Talg- und Schwei\u00dfdr\u00fcsen, Haaren und Blutgef\u00e4\u00dfen. Au\u00dferdem ist die Gesichtsmuskulatur beim Mann erheblich gr\u00f6\u00dfer und damit kr\u00e4ftiger.<\/p>\n\n\n\n<div style=\"height:23px\" aria-hidden=\"true\" class=\"wp-block-spacer\"><\/div>\n\n\n\n<h4 class=\"wp-block-heading\"><strong>Ist die Anwendung mit Botulinumtoxin beim Mann anders als bei Frauen?<\/strong><\/h4>\n\n\n\n<p>Ja, die M\u00e4nnerhaut reagiert anders auf Botulinumtoxin. Allein durch ihre deutlich gr\u00f6\u00dfere und dickere Gesichtsmuskulatur, braucht die m\u00e4nnliche Haut eine h\u00f6here Botox-Dosis. Beim Mann muss in der Regel etwa bis zu 50 Prozent mehr Botox\u00ae eingespritzt werden muss wie bei der Frau.<\/p>\n\n\n\n<div style=\"height:23px\" aria-hidden=\"true\" class=\"wp-block-spacer\"><\/div>\n\n\n\n<h4 class=\"wp-block-heading\"><strong>Bringt die\nh\u00f6here Dosis nicht ein gr\u00f6\u00dferes Risiko f\u00fcr den Mann mit sich?<\/strong><\/h4>\n\n\n\n<p>Grunds\u00e4tzlich sollten sich Mann wie Frau nur\nvon einem erfahrenen Facharzt f\u00fcr Plastische und \u00c4sthetische Chirurgie\nbehandeln lassen. Denn wird zu viel vom Wirkstoff Botox\u00ae in die gew\u00fcnschte\nHautpartie injiziert oder wom\u00f6glich der falsche Muskel getroffen, so kann es\nunabh\u00e4ngig vom jeweiligen Geschlecht zu unerw\u00fcnschten Erscheinungen wie\nherabgesunkenen Augenbrauen oder einer erstarrten Gesichtsmimik (Frozen Face)\nf\u00fchren. Bei qualifizierter Anwendung ist Botox\u00ae aber in der Regel bedenkenlos. <\/p>\n","protected":false},"excerpt":{"rendered":"<p>Botulinumtoxin beim Mann Immer mehr M\u00e4nner interessieren sich f\u00fcr \u00e4sthetische Ma\u00dfnahmen,<\/p>\n","protected":false},"author":1,"featured_media":349,"parent":0,"menu_order":0,"comment_status":"closed","ping_status":"closed","template":"","meta":{"footnotes":""},"class_list":["post-404","page","type-page","status-publish","has-post-thumbnail","hentry"],"yoast_head":"<!-- This site is optimized with the Yoast SEO plugin v24.5 - https:\/\/yoast.com\/wordpress\/plugins\/seo\/ -->\n<title>Anti-Aging | M\u00e4nner - StayVisible!<\/title>\n<meta name=\"description\" content=\"Anti-Aging | M\u00e4nner \u2013 Botulinumtoxin beim Mann. Immer mehr M\u00e4nner interessieren sich f\u00fcr \u00e4sthetische Ma\u00dfnahmen.\" \/>\n<meta name=\"robots\" content=\"index, follow, max-snippet:-1, max-image-preview:large, max-video-preview:-1\" \/>\n<link rel=\"canonical\" href=\"https:\/\/drdnvpaul.de\/?page_id=404\" \/>\n<meta property=\"og:locale\" content=\"de_DE\" \/>\n<meta property=\"og:type\" content=\"article\" \/>\n<meta property=\"og:title\" content=\"Anti-Aging | M\u00e4nner - StayVisible!\" \/>\n<meta property=\"og:description\" content=\"Anti-Aging | M\u00e4nner \u2013 Botulinumtoxin beim Mann. Immer mehr M\u00e4nner interessieren sich f\u00fcr \u00e4sthetische Ma\u00dfnahmen.\" \/>\n<meta property=\"og:url\" content=\"https:\/\/drdnvpaul.de\/?page_id=404\" \/>\n<meta property=\"og:site_name\" content=\"StayVisible!\" \/>\n<meta property=\"article:publisher\" content=\"https:\/\/www.facebook.com\/search\/top?q=dr.%20dietmar%20nikolai%20vincent%20paul\" \/>\n<meta property=\"article:modified_time\" content=\"2020-11-11T00:01:15+00:00\" \/>\n<meta property=\"og:image\" content=\"https:\/\/drdnvpaul.de\/wp-content\/uploads\/2019\/01\/SLIDER_MANN.jpg\" \/>\n\t<meta property=\"og:image:width\" content=\"1500\" \/>\n\t<meta property=\"og:image:height\" content=\"400\" \/>\n\t<meta property=\"og:image:type\" content=\"image\/jpeg\" \/>\n<meta name=\"twitter:card\" content=\"summary_large_image\" \/>\n<meta name=\"twitter:label1\" content=\"Gesch\u00e4tzte Lesezeit\" \/>\n\t<meta name=\"twitter:data1\" content=\"1\u00a0Minute\" \/>\n<script type=\"application\/ld+json\" class=\"yoast-schema-graph\">{\"@context\":\"https:\/\/schema.org\",\"@graph\":[{\"@type\":\"WebPage\",\"@id\":\"https:\/\/drdnvpaul.de\/?page_id=404\",\"url\":\"https:\/\/drdnvpaul.de\/?page_id=404\",\"name\":\"Anti-Aging | M\u00e4nner - StayVisible!\",\"isPartOf\":{\"@id\":\"https:\/\/drdnvpaul.de\/#website\"},\"primaryImageOfPage\":{\"@id\":\"https:\/\/drdnvpaul.de\/?page_id=404#primaryimage\"},\"image\":{\"@id\":\"https:\/\/drdnvpaul.de\/?page_id=404#primaryimage\"},\"thumbnailUrl\":\"https:\/\/drdnvpaul.de\/wp-content\/uploads\/2019\/01\/SLIDER_MANN.jpg\",\"datePublished\":\"2019-01-06T16:15:02+00:00\",\"dateModified\":\"2020-11-11T00:01:15+00:00\",\"description\":\"Anti-Aging | M\u00e4nner \u2013 Botulinumtoxin beim Mann. Immer mehr M\u00e4nner interessieren sich f\u00fcr \u00e4sthetische Ma\u00dfnahmen.\",\"breadcrumb\":{\"@id\":\"https:\/\/drdnvpaul.de\/?page_id=404#breadcrumb\"},\"inLanguage\":\"de\",\"potentialAction\":[{\"@type\":\"ReadAction\",\"target\":[\"https:\/\/drdnvpaul.de\/?page_id=404\"]}]},{\"@type\":\"ImageObject\",\"inLanguage\":\"de\",\"@id\":\"https:\/\/drdnvpaul.de\/?page_id=404#primaryimage\",\"url\":\"https:\/\/drdnvpaul.de\/wp-content\/uploads\/2019\/01\/SLIDER_MANN.jpg\",\"contentUrl\":\"https:\/\/drdnvpaul.de\/wp-content\/uploads\/2019\/01\/SLIDER_MANN.jpg\",\"width\":1500,\"height\":400},{\"@type\":\"BreadcrumbList\",\"@id\":\"https:\/\/drdnvpaul.de\/?page_id=404#breadcrumb\",\"itemListElement\":[{\"@type\":\"ListItem\",\"position\":1,\"name\":\"Startseite\",\"item\":\"https:\/\/drdnvpaul.de\/\"},{\"@type\":\"ListItem\",\"position\":2,\"name\":\"Anti-Aging | M\u00e4nner\"}]},{\"@type\":\"WebSite\",\"@id\":\"https:\/\/drdnvpaul.de\/#website\",\"url\":\"https:\/\/drdnvpaul.de\/\",\"name\":\"StayVisible!\",\"description\":\"Anti Aging \u2013 Faltenbehandlung \u2013 Gesichts\u00e4sthetik\",\"publisher\":{\"@id\":\"https:\/\/drdnvpaul.de\/#organization\"},\"potentialAction\":[{\"@type\":\"SearchAction\",\"target\":{\"@type\":\"EntryPoint\",\"urlTemplate\":\"https:\/\/drdnvpaul.de\/?s={search_term_string}\"},\"query-input\":{\"@type\":\"PropertyValueSpecification\",\"valueRequired\":true,\"valueName\":\"search_term_string\"}}],\"inLanguage\":\"de\"},{\"@type\":\"Organization\",\"@id\":\"https:\/\/drdnvpaul.de\/#organization\",\"name\":\"STAY VISIBLE! Privatpraxis f\u00fcr \u00c4sthetische und Anti-Aging Medizin Dr. med. DNV Paul\",\"url\":\"https:\/\/drdnvpaul.de\/\",\"logo\":{\"@type\":\"ImageObject\",\"inLanguage\":\"de\",\"@id\":\"https:\/\/drdnvpaul.de\/#\/schema\/logo\/image\/\",\"url\":\"https:\/\/drdnvpaul.de\/wp-content\/uploads\/2020\/11\/Logo_Ausgangsdatei_StayVisible.png\",\"contentUrl\":\"https:\/\/drdnvpaul.de\/wp-content\/uploads\/2020\/11\/Logo_Ausgangsdatei_StayVisible.png\",\"width\":317,\"height\":317,\"caption\":\"STAY VISIBLE! Privatpraxis f\u00fcr \u00c4sthetische und Anti-Aging Medizin Dr. med. DNV Paul\"},\"image\":{\"@id\":\"https:\/\/drdnvpaul.de\/#\/schema\/logo\/image\/\"},\"sameAs\":[\"https:\/\/www.facebook.com\/search\/top?q=dr. dietmar nikolai vincent paul\",\"https:\/\/www.instagram.com\/stayvisible_dr.paul\/\"]}]}<\/script>\n<!-- \/ Yoast SEO plugin. -->","yoast_head_json":{"title":"Anti-Aging | M\u00e4nner - StayVisible!","description":"Anti-Aging | M\u00e4nner \u2013 Botulinumtoxin beim Mann. Immer mehr M\u00e4nner interessieren sich f\u00fcr \u00e4sthetische Ma\u00dfnahmen.","robots":{"index":"index","follow":"follow","max-snippet":"max-snippet:-1","max-image-preview":"max-image-preview:large","max-video-preview":"max-video-preview:-1"},"canonical":"https:\/\/drdnvpaul.de\/?page_id=404","og_locale":"de_DE","og_type":"article","og_title":"Anti-Aging | M\u00e4nner - StayVisible!","og_description":"Anti-Aging | M\u00e4nner \u2013 Botulinumtoxin beim Mann. Immer mehr M\u00e4nner interessieren sich f\u00fcr \u00e4sthetische Ma\u00dfnahmen.","og_url":"https:\/\/drdnvpaul.de\/?page_id=404","og_site_name":"StayVisible!","article_publisher":"https:\/\/www.facebook.com\/search\/top?q=dr.%20dietmar%20nikolai%20vincent%20paul","article_modified_time":"2020-11-11T00:01:15+00:00","og_image":[{"width":1500,"height":400,"url":"https:\/\/drdnvpaul.de\/wp-content\/uploads\/2019\/01\/SLIDER_MANN.jpg","type":"image\/jpeg"}],"twitter_card":"summary_large_image","twitter_misc":{"Gesch\u00e4tzte Lesezeit":"1\u00a0Minute"},"schema":{"@context":"https:\/\/schema.org","@graph":[{"@type":"WebPage","@id":"https:\/\/drdnvpaul.de\/?page_id=404","url":"https:\/\/drdnvpaul.de\/?page_id=404","name":"Anti-Aging | M\u00e4nner - StayVisible!","isPartOf":{"@id":"https:\/\/drdnvpaul.de\/#website"},"primaryImageOfPage":{"@id":"https:\/\/drdnvpaul.de\/?page_id=404#primaryimage"},"image":{"@id":"https:\/\/drdnvpaul.de\/?page_id=404#primaryimage"},"thumbnailUrl":"https:\/\/drdnvpaul.de\/wp-content\/uploads\/2019\/01\/SLIDER_MANN.jpg","datePublished":"2019-01-06T16:15:02+00:00","dateModified":"2020-11-11T00:01:15+00:00","description":"Anti-Aging | M\u00e4nner \u2013 Botulinumtoxin beim Mann. Immer mehr M\u00e4nner interessieren sich f\u00fcr \u00e4sthetische Ma\u00dfnahmen.","breadcrumb":{"@id":"https:\/\/drdnvpaul.de\/?page_id=404#breadcrumb"},"inLanguage":"de","potentialAction":[{"@type":"ReadAction","target":["https:\/\/drdnvpaul.de\/?page_id=404"]}]},{"@type":"ImageObject","inLanguage":"de","@id":"https:\/\/drdnvpaul.de\/?page_id=404#primaryimage","url":"https:\/\/drdnvpaul.de\/wp-content\/uploads\/2019\/01\/SLIDER_MANN.jpg","contentUrl":"https:\/\/drdnvpaul.de\/wp-content\/uploads\/2019\/01\/SLIDER_MANN.jpg","width":1500,"height":400},{"@type":"BreadcrumbList","@id":"https:\/\/drdnvpaul.de\/?page_id=404#breadcrumb","itemListElement":[{"@type":"ListItem","position":1,"name":"Startseite","item":"https:\/\/drdnvpaul.de\/"},{"@type":"ListItem","position":2,"name":"Anti-Aging | M\u00e4nner"}]},{"@type":"WebSite","@id":"https:\/\/drdnvpaul.de\/#website","url":"https:\/\/drdnvpaul.de\/","name":"StayVisible!","description":"Anti Aging \u2013 Faltenbehandlung \u2013 Gesichts\u00e4sthetik","publisher":{"@id":"https:\/\/drdnvpaul.de\/#organization"},"potentialAction":[{"@type":"SearchAction","target":{"@type":"EntryPoint","urlTemplate":"https:\/\/drdnvpaul.de\/?s={search_term_string}"},"query-input":{"@type":"PropertyValueSpecification","valueRequired":true,"valueName":"search_term_string"}}],"inLanguage":"de"},{"@type":"Organization","@id":"https:\/\/drdnvpaul.de\/#organization","name":"STAY VISIBLE! Privatpraxis f\u00fcr \u00c4sthetische und Anti-Aging Medizin Dr. med. DNV Paul","url":"https:\/\/drdnvpaul.de\/","logo":{"@type":"ImageObject","inLanguage":"de","@id":"https:\/\/drdnvpaul.de\/#\/schema\/logo\/image\/","url":"https:\/\/drdnvpaul.de\/wp-content\/uploads\/2020\/11\/Logo_Ausgangsdatei_StayVisible.png","contentUrl":"https:\/\/drdnvpaul.de\/wp-content\/uploads\/2020\/11\/Logo_Ausgangsdatei_StayVisible.png","width":317,"height":317,"caption":"STAY VISIBLE! Privatpraxis f\u00fcr \u00c4sthetische und Anti-Aging Medizin Dr. med. DNV Paul"},"image":{"@id":"https:\/\/drdnvpaul.de\/#\/schema\/logo\/image\/"},"sameAs":["https:\/\/www.facebook.com\/search\/top?q=dr. dietmar nikolai vincent paul","https:\/\/www.instagram.com\/stayvisible_dr.paul\/"]}]}},"_links":{"self":[{"href":"https:\/\/drdnvpaul.de\/index.php?rest_route=\/wp\/v2\/pages\/404","targetHints":{"allow":["GET"]}}],"collection":[{"href":"https:\/\/drdnvpaul.de\/index.php?rest_route=\/wp\/v2\/pages"}],"about":[{"href":"https:\/\/drdnvpaul.de\/index.php?rest_route=\/wp\/v2\/types\/page"}],"author":[{"embeddable":true,"href":"https:\/\/drdnvpaul.de\/index.php?rest_route=\/wp\/v2\/users\/1"}],"replies":[{"embeddable":true,"href":"https:\/\/drdnvpaul.de\/index.php?rest_route=%2Fwp%2Fv2%2Fcomments&post=404"}],"version-history":[{"count":16,"href":"https:\/\/drdnvpaul.de\/index.php?rest_route=\/wp\/v2\/pages\/404\/revisions"}],"predecessor-version":[{"id":772,"href":"https:\/\/drdnvpaul.de\/index.php?rest_route=\/wp\/v2\/pages\/404\/revisions\/772"}],"wp:featuredmedia":[{"embeddable":true,"href":"https:\/\/drdnvpaul.de\/index.php?rest_route=\/wp\/v2\/media\/349"}],"wp:attachment":[{"href":"https:\/\/drdnvpaul.de\/index.php?rest_route=%2Fwp%2Fv2%2Fmedia&parent=404"}],"curies":[{"name":"wp","href":"https:\/\/api.w.org\/{rel}","templated":true}]}}