{"id":232,"date":"2015-02-09T08:09:41","date_gmt":"2015-02-09T08:09:41","guid":{"rendered":"http:\/\/demo.themegrill.com\/ample\/?page_id=4"},"modified":"2023-07-30T16:14:35","modified_gmt":"2023-07-30T16:14:35","slug":"stay-visible-aesthetische-und-anti-aging-medizin","status":"publish","type":"page","link":"https:\/\/drdnvpaul.de\/","title":{"rendered":"\u00c4sthetische &#038; Anti-Aging-Medizin"},"content":{"rendered":"\n<p>STAY VISIBLE ! Privatpraxis f\u00fcr \u00c4sthetische und Anti-Aging Medizin<\/p>\n\n\n\n<p><\/p>\n\n\n\n<p>Willkommen auf der Internetseite von&nbsp;<strong>Dr. Dietmar Nikolai Vincent Paul.<\/strong><\/p>\n\n\n\n<h1 class=\"wp-block-heading\">STAY VISIBLE<\/h1>\n\n\n\n<h4 class=\"wp-block-heading\">Faltenbehandlung \u2013 Anti-Aging \u2013 Gesichts\u00e4sthetik<\/h4>\n\n\n\n<h4 class=\"wp-block-heading\"><strong>Dr. med. DNV Paul<\/strong><\/h4>\n\n\n\n<p><strong>Facharzt f\u00fcr Allgemeinchirurgie \u2013 Unfallchirurgie \u2013 Notfallmedizin \u2013 Psychologischer Coach &nbsp;in NLP &nbsp;und systemischer Therapie \u2013 \u00c4sthetische Medizin und Anti-Aging Medizin<\/strong><\/p>\n\n\n\n<p>Murgstr. 13<\/p>\n\n\n\n<p>D-76437 Rastatt<\/p>\n\n\n\n<p>Fon: +49 151 40518181<\/p>\n\n\n\n<p>E-Mail: dr.dnvpaul@me.com<\/p>\n\n\n\n<p>Alle Preise verstehen sich zuz\u00fcglich der gesetzliche Mwst.<\/p>\n\n\n\n<p><strong>Termine nach Vereinbarung.<\/strong><\/p>\n\n\n\n<p>Es werden ausschlie\u00dflich die hochwertigsten Produkte mit Zulassung der Gesundheitsbeh\u00f6rden in den USA und Deutschland verwendet.<\/p>\n\n\n\n<p>Design by <a href=\"http:\/\/www.layout01.de\" target=\"_blank\" rel=\"noreferrer noopener\">www.layout01.de<\/a><\/p>\n\n\n\n<h4 class=\"wp-block-heading\"><strong>Unser Gesicht altert..<\/strong><\/h4>\n\n\n\n<p>Immer wenn man lacht, die Stirn runzelt etc. ziehen sich die Gesichtsmuskel zusammen.&nbsp;<\/p>\n\n\n\n<p>Dies verursacht F\u00e4ltchen und je \u00e4lter man wird Falten. Die Haut verliert an ihrer Spannkraft und mit der Zeit entstehen tiefere Falten, die einen z. B. sorgenvoll aussehen lassen (Zornesfalte), selbst wenn man das gar nicht ist.<\/p>\n\n\n\n<h4 class=\"wp-block-heading\"><strong>Hyalurons\u00e4ure gegen Falten<\/strong><\/h4>\n\n\n\n<p>W\u00e4hrend des nat\u00fcrlichen Alterungsprozesses nimmt der Hyalurons\u00e4uregehalt des K\u00f6rpers ab. F\u00e4ltchen entstehen, sowie trockene, faltige und schlaffe Haut. Die \u00e4sthetische Medizin kann diesen Vorgang verz\u00f6gern, indem sie Filler einsetzt, die in die betroffenen Stellen injiziert werden. Hyalurons\u00e4ure fungiert als Filler und ist zudem aufgrund ihrer Vertr\u00e4glichkeit sehr gesch\u00e4tzt.<\/p>\n\n\n\n<p>Hyalurons\u00e4ure unterst\u00fctzt das nat\u00fcrliche Aussehen der Haut. Falten werden nicht g\u00e4nzlich gegl\u00e4ttet, sondern eher ein wenig in ihrer Tiefe reduziert. Besonders gute Resultate erzielt eine Unterspritzung mit Hyaluron im Bereich der Naso-Labialfalte, der seitlichen Mundfalten und der Zornesfalte.<\/p>\n\n\n\n<p>Hyalurons\u00e4ure wird haupts\u00e4chlich f\u00fcr die Unterspritzung von Falten im Gesicht verwendet. Ebenso k\u00f6nnen Lippen und Narben k\u00f6nnen durch diese Methode behandelt werden. Die Behandlung dauert normalerweise ca. 20 \u2013 30 Minuten und ist jeweils abh\u00e4ngig von der Gr\u00f6\u00dfe des zu behandelnden Bereiches.<\/p>\n\n\n\n<h4 class=\"wp-block-heading\"><strong>Behandlung mit Botulinumtoxin<\/strong><\/h4>\n\n\n\n<p>Botox ist zwar ein Nervengift, in der Dosierungen, die in der \u00e4sthetischen Medizin verwendet werden, ist es jedoch unbedenklich. Botox eignet sich immer dann, wenn die Falten schon recht tief in das Gesicht eingegraben sind. Das ist meist der Fall, wenn die Patientin schon etwas \u00e4lter ist. Die feinen F\u00e4ltchen um die Augen herum (Kr\u00e4henf\u00fc\u00dfe) sowie die sogenannte Zornesfalte sprechen auf eine Behandlung mit Botox besonders gut an.<\/p>\n","protected":false},"excerpt":{"rendered":"<p>STAY VISIBLE ! Privatpraxis f\u00fcr \u00c4sthetische und Anti-Aging Medizin Willkommen auf der Internetseite von&nbsp;Dr. Dietmar Nikolai Vincent Paul. STAY VISIBLE Faltenbehandlung \u2013 Anti-Aging \u2013 Gesichts\u00e4sthetik Dr. med. DNV Paul Facharzt f\u00fcr Allgemeinchirurgie \u2013 Unfallchirurgie \u2013 Notfallmedizin \u2013 Psychologischer Coach &nbsp;in<\/p>\n","protected":false},"author":1,"featured_media":0,"parent":0,"menu_order":0,"comment_status":"closed","ping_status":"closed","template":"page-templates\/template-business.php","meta":{"footnotes":""},"class_list":["post-232","page","type-page","status-publish","hentry"],"yoast_head":"<!-- This site is optimized with the Yoast SEO plugin v24.5 - https:\/\/yoast.com\/wordpress\/plugins\/seo\/ -->\n<title>\u00c4sthetische &amp; Anti-Aging-Medizin - StayVisible!<\/title>\n<meta name=\"description\" content=\"STAY VISIBLE ! Privatpraxis f\u00fcr \u00c4sthetische und Anti-Aging Medizin by Dr. Dietmar Nikolai Paul Rastatt. FALTENBEHANDLUNG \u2013 ANTI AGING \u2013 GESICHTS\u00c4STHETIK\" \/>\n<meta name=\"robots\" content=\"index, follow, max-snippet:-1, max-image-preview:large, max-video-preview:-1\" \/>\n<link rel=\"canonical\" href=\"https:\/\/drdnvpaul.de\/\" \/>\n<meta property=\"og:locale\" content=\"de_DE\" \/>\n<meta property=\"og:type\" content=\"article\" \/>\n<meta property=\"og:title\" content=\"\u00c4sthetische &amp; Anti-Aging-Medizin - StayVisible!\" \/>\n<meta property=\"og:description\" content=\"STAY VISIBLE ! Privatpraxis f\u00fcr \u00c4sthetische und Anti-Aging Medizin by Dr. Dietmar Nikolai Paul Rastatt. FALTENBEHANDLUNG \u2013 ANTI AGING \u2013 GESICHTS\u00c4STHETIK\" \/>\n<meta property=\"og:url\" content=\"https:\/\/drdnvpaul.de\/\" \/>\n<meta property=\"og:site_name\" content=\"StayVisible!\" \/>\n<meta property=\"article:publisher\" content=\"https:\/\/www.facebook.com\/search\/top?q=dr.%20dietmar%20nikolai%20vincent%20paul\" \/>\n<meta property=\"article:modified_time\" content=\"2023-07-30T16:14:35+00:00\" \/>\n<meta name=\"twitter:card\" content=\"summary_large_image\" \/>\n<meta name=\"twitter:label1\" content=\"Gesch\u00e4tzte Lesezeit\" \/>\n\t<meta name=\"twitter:data1\" content=\"2\u00a0Minuten\" \/>\n<script type=\"application\/ld+json\" class=\"yoast-schema-graph\">{\"@context\":\"https:\/\/schema.org\",\"@graph\":[{\"@type\":\"WebPage\",\"@id\":\"https:\/\/drdnvpaul.de\/\",\"url\":\"https:\/\/drdnvpaul.de\/\",\"name\":\"\u00c4sthetische & Anti-Aging-Medizin - StayVisible!\",\"isPartOf\":{\"@id\":\"https:\/\/drdnvpaul.de\/#website\"},\"datePublished\":\"2015-02-09T08:09:41+00:00\",\"dateModified\":\"2023-07-30T16:14:35+00:00\",\"description\":\"STAY VISIBLE ! Privatpraxis f\u00fcr \u00c4sthetische und Anti-Aging Medizin by Dr. Dietmar Nikolai Paul Rastatt. FALTENBEHANDLUNG \u2013 ANTI AGING \u2013 GESICHTS\u00c4STHETIK\",\"breadcrumb\":{\"@id\":\"https:\/\/drdnvpaul.de\/#breadcrumb\"},\"inLanguage\":\"de\",\"potentialAction\":[{\"@type\":\"ReadAction\",\"target\":[\"https:\/\/drdnvpaul.de\/\"]}]},{\"@type\":\"BreadcrumbList\",\"@id\":\"https:\/\/drdnvpaul.de\/#breadcrumb\",\"itemListElement\":[{\"@type\":\"ListItem\",\"position\":1,\"name\":\"Startseite\",\"item\":\"https:\/\/drdnvpaul.de\/\"},{\"@type\":\"ListItem\",\"position\":2,\"name\":\"\u00c4sthetische &#038; Anti-Aging-Medizin\"}]},{\"@type\":\"WebSite\",\"@id\":\"https:\/\/drdnvpaul.de\/#website\",\"url\":\"https:\/\/drdnvpaul.de\/\",\"name\":\"StayVisible!\",\"description\":\"Anti Aging \u2013 Faltenbehandlung \u2013 Gesichts\u00e4sthetik\",\"publisher\":{\"@id\":\"https:\/\/drdnvpaul.de\/#organization\"},\"potentialAction\":[{\"@type\":\"SearchAction\",\"target\":{\"@type\":\"EntryPoint\",\"urlTemplate\":\"https:\/\/drdnvpaul.de\/?s={search_term_string}\"},\"query-input\":{\"@type\":\"PropertyValueSpecification\",\"valueRequired\":true,\"valueName\":\"search_term_string\"}}],\"inLanguage\":\"de\"},{\"@type\":\"Organization\",\"@id\":\"https:\/\/drdnvpaul.de\/#organization\",\"name\":\"STAY VISIBLE! Privatpraxis f\u00fcr \u00c4sthetische und Anti-Aging Medizin Dr. med. DNV Paul\",\"url\":\"https:\/\/drdnvpaul.de\/\",\"logo\":{\"@type\":\"ImageObject\",\"inLanguage\":\"de\",\"@id\":\"https:\/\/drdnvpaul.de\/#\/schema\/logo\/image\/\",\"url\":\"https:\/\/drdnvpaul.de\/wp-content\/uploads\/2020\/11\/Logo_Ausgangsdatei_StayVisible.png\",\"contentUrl\":\"https:\/\/drdnvpaul.de\/wp-content\/uploads\/2020\/11\/Logo_Ausgangsdatei_StayVisible.png\",\"width\":317,\"height\":317,\"caption\":\"STAY VISIBLE! Privatpraxis f\u00fcr \u00c4sthetische und Anti-Aging Medizin Dr. med. DNV Paul\"},\"image\":{\"@id\":\"https:\/\/drdnvpaul.de\/#\/schema\/logo\/image\/\"},\"sameAs\":[\"https:\/\/www.facebook.com\/search\/top?q=dr. dietmar nikolai vincent paul\",\"https:\/\/www.instagram.com\/stayvisible_dr.paul\/\"]}]}<\/script>\n<!-- \/ Yoast SEO plugin. -->","yoast_head_json":{"title":"\u00c4sthetische & Anti-Aging-Medizin - StayVisible!","description":"STAY VISIBLE ! Privatpraxis f\u00fcr \u00c4sthetische und Anti-Aging Medizin by Dr. Dietmar Nikolai Paul Rastatt. FALTENBEHANDLUNG \u2013 ANTI AGING \u2013 GESICHTS\u00c4STHETIK","robots":{"index":"index","follow":"follow","max-snippet":"max-snippet:-1","max-image-preview":"max-image-preview:large","max-video-preview":"max-video-preview:-1"},"canonical":"https:\/\/drdnvpaul.de\/","og_locale":"de_DE","og_type":"article","og_title":"\u00c4sthetische & Anti-Aging-Medizin - StayVisible!","og_description":"STAY VISIBLE ! Privatpraxis f\u00fcr \u00c4sthetische und Anti-Aging Medizin by Dr. Dietmar Nikolai Paul Rastatt. FALTENBEHANDLUNG \u2013 ANTI AGING \u2013 GESICHTS\u00c4STHETIK","og_url":"https:\/\/drdnvpaul.de\/","og_site_name":"StayVisible!","article_publisher":"https:\/\/www.facebook.com\/search\/top?q=dr.%20dietmar%20nikolai%20vincent%20paul","article_modified_time":"2023-07-30T16:14:35+00:00","twitter_card":"summary_large_image","twitter_misc":{"Gesch\u00e4tzte Lesezeit":"2\u00a0Minuten"},"schema":{"@context":"https:\/\/schema.org","@graph":[{"@type":"WebPage","@id":"https:\/\/drdnvpaul.de\/","url":"https:\/\/drdnvpaul.de\/","name":"\u00c4sthetische & Anti-Aging-Medizin - StayVisible!","isPartOf":{"@id":"https:\/\/drdnvpaul.de\/#website"},"datePublished":"2015-02-09T08:09:41+00:00","dateModified":"2023-07-30T16:14:35+00:00","description":"STAY VISIBLE ! Privatpraxis f\u00fcr \u00c4sthetische und Anti-Aging Medizin by Dr. Dietmar Nikolai Paul Rastatt. FALTENBEHANDLUNG \u2013 ANTI AGING \u2013 GESICHTS\u00c4STHETIK","breadcrumb":{"@id":"https:\/\/drdnvpaul.de\/#breadcrumb"},"inLanguage":"de","potentialAction":[{"@type":"ReadAction","target":["https:\/\/drdnvpaul.de\/"]}]},{"@type":"BreadcrumbList","@id":"https:\/\/drdnvpaul.de\/#breadcrumb","itemListElement":[{"@type":"ListItem","position":1,"name":"Startseite","item":"https:\/\/drdnvpaul.de\/"},{"@type":"ListItem","position":2,"name":"\u00c4sthetische &#038; Anti-Aging-Medizin"}]},{"@type":"WebSite","@id":"https:\/\/drdnvpaul.de\/#website","url":"https:\/\/drdnvpaul.de\/","name":"StayVisible!","description":"Anti Aging \u2013 Faltenbehandlung \u2013 Gesichts\u00e4sthetik","publisher":{"@id":"https:\/\/drdnvpaul.de\/#organization"},"potentialAction":[{"@type":"SearchAction","target":{"@type":"EntryPoint","urlTemplate":"https:\/\/drdnvpaul.de\/?s={search_term_string}"},"query-input":{"@type":"PropertyValueSpecification","valueRequired":true,"valueName":"search_term_string"}}],"inLanguage":"de"},{"@type":"Organization","@id":"https:\/\/drdnvpaul.de\/#organization","name":"STAY VISIBLE! Privatpraxis f\u00fcr \u00c4sthetische und Anti-Aging Medizin Dr. med. DNV Paul","url":"https:\/\/drdnvpaul.de\/","logo":{"@type":"ImageObject","inLanguage":"de","@id":"https:\/\/drdnvpaul.de\/#\/schema\/logo\/image\/","url":"https:\/\/drdnvpaul.de\/wp-content\/uploads\/2020\/11\/Logo_Ausgangsdatei_StayVisible.png","contentUrl":"https:\/\/drdnvpaul.de\/wp-content\/uploads\/2020\/11\/Logo_Ausgangsdatei_StayVisible.png","width":317,"height":317,"caption":"STAY VISIBLE! Privatpraxis f\u00fcr \u00c4sthetische und Anti-Aging Medizin Dr. med. DNV Paul"},"image":{"@id":"https:\/\/drdnvpaul.de\/#\/schema\/logo\/image\/"},"sameAs":["https:\/\/www.facebook.com\/search\/top?q=dr. dietmar nikolai vincent paul","https:\/\/www.instagram.com\/stayvisible_dr.paul\/"]}]}},"_links":{"self":[{"href":"https:\/\/drdnvpaul.de\/index.php?rest_route=\/wp\/v2\/pages\/232","targetHints":{"allow":["GET"]}}],"collection":[{"href":"https:\/\/drdnvpaul.de\/index.php?rest_route=\/wp\/v2\/pages"}],"about":[{"href":"https:\/\/drdnvpaul.de\/index.php?rest_route=\/wp\/v2\/types\/page"}],"author":[{"embeddable":true,"href":"https:\/\/drdnvpaul.de\/index.php?rest_route=\/wp\/v2\/users\/1"}],"replies":[{"embeddable":true,"href":"https:\/\/drdnvpaul.de\/index.php?rest_route=%2Fwp%2Fv2%2Fcomments&post=232"}],"version-history":[{"count":13,"href":"https:\/\/drdnvpaul.de\/index.php?rest_route=\/wp\/v2\/pages\/232\/revisions"}],"predecessor-version":[{"id":1046,"href":"https:\/\/drdnvpaul.de\/index.php?rest_route=\/wp\/v2\/pages\/232\/revisions\/1046"}],"wp:attachment":[{"href":"https:\/\/drdnvpaul.de\/index.php?rest_route=%2Fwp%2Fv2%2Fmedia&parent=232"}],"curies":[{"name":"wp","href":"https:\/\/api.w.org\/{rel}","templated":true}]}}